{"id":836,"date":"2022-09-20T09:03:47","date_gmt":"2022-09-20T08:03:47","guid":{"rendered":"https:\/\/freepackers.com\/?page_id=836"},"modified":"2025-08-27T14:32:21","modified_gmt":"2025-08-27T13:32:21","slug":"a-propos-de-realstep","status":"publish","type":"page","link":"https:\/\/freepackers.com\/fr\/a-propos-de-realstep\/","title":{"rendered":"Real Step"},"content":{"rendered":"\t\t<div data-elementor-type=\"wp-page\" data-elementor-id=\"836\" class=\"elementor elementor-836\" data-elementor-post-type=\"page\">\n\t\t\t\t\t\t<section class=\"elementor-section elementor-top-section elementor-element elementor-element-1ec16aaa elementor-section-full_width elementor-section-height-min-height elementor-section-content-middle elementor-section-height-default elementor-section-items-middle\" data-id=\"1ec16aaa\" data-element_type=\"section\" data-e-type=\"section\" data-settings=\"{&quot;jet_parallax_layout_list&quot;:[],&quot;background_background&quot;:&quot;classic&quot;}\">\n\t\t\t\t\t\t\t<div class=\"elementor-background-overlay\"><\/div>\n\t\t\t\t\t\t\t<div class=\"elementor-container elementor-column-gap-no\">\n\t\t\t\t\t<div class=\"elementor-column elementor-col-100 elementor-top-column elementor-element elementor-element-6d11356\" data-id=\"6d11356\" data-element_type=\"column\" data-e-type=\"column\">\n\t\t\t<div class=\"elementor-widget-wrap elementor-element-populated\">\n\t\t\t\t\t\t<div class=\"elementor-element elementor-element-1d24d195 elementor-widget elementor-widget-heading\" data-id=\"1d24d195\" data-element_type=\"widget\" data-e-type=\"widget\" data-widget_type=\"heading.default\">\n\t\t\t\t<div class=\"elementor-widget-container\">\n\t\t\t\t\t<h1 class=\"elementor-heading-title elementor-size-default\">Real Step<\/h1>\t\t\t\t<\/div>\n\t\t\t\t<\/div>\n\t\t\t\t\t<\/div>\n\t\t<\/div>\n\t\t\t\t\t<\/div>\n\t\t<\/section>\n\t\t\t\t<section class=\"elementor-section elementor-top-section elementor-element elementor-element-cd3aa11 elementor-section-boxed elementor-section-height-default elementor-section-height-default\" data-id=\"cd3aa11\" data-element_type=\"section\" data-e-type=\"section\" data-settings=\"{&quot;jet_parallax_layout_list&quot;:[]}\">\n\t\t\t\t\t\t<div class=\"elementor-container elementor-column-gap-default\">\n\t\t\t\t\t<div class=\"elementor-column elementor-col-100 elementor-top-column elementor-element elementor-element-c0e52e7\" data-id=\"c0e52e7\" data-element_type=\"column\" data-e-type=\"column\">\n\t\t\t<div class=\"elementor-widget-wrap elementor-element-populated\">\n\t\t\t\t\t\t<div class=\"elementor-element elementor-element-531768b elementor-widget elementor-widget-jet-breadcrumbs\" data-id=\"531768b\" data-element_type=\"widget\" data-e-type=\"widget\" data-widget_type=\"jet-breadcrumbs.default\">\n\t\t\t\t<div class=\"elementor-widget-container\">\n\t\t\t\t\t<div class=\"elementor-jet-breadcrumbs jet-blocks\">\n\t\t<div class=\"jet-breadcrumbs\">\n\t\t<div class=\"jet-breadcrumbs__content\">\n\t\t<div class=\"jet-breadcrumbs__wrap\"><div class=\"jet-breadcrumbs__item\"><a href=\"https:\/\/freepackers.com\/fr\/\" class=\"jet-breadcrumbs__item-link is-home\" rel=\"home\" title=\"Freepackers &amp; Planeta First \u2014 Voyages engag\u00e9s\">Freepackers &amp; Planeta First \u2014 Voyages engag\u00e9s<\/a><\/div>\n\t\t<\/div>\n\t\t<\/div>\n\t\t<\/div><\/div>\t\t\t\t<\/div>\n\t\t\t\t<\/div>\n\t\t\t\t<div class=\"elementor-element elementor-element-60116be elementor-widget elementor-widget-heading\" data-id=\"60116be\" data-element_type=\"widget\" data-e-type=\"widget\" data-widget_type=\"heading.default\">\n\t\t\t\t<div class=\"elementor-widget-container\">\n\t\t\t\t\t<h2 class=\"elementor-heading-title elementor-size-medium\">\u00c0 propos de Real Step<\/h2>\t\t\t\t<\/div>\n\t\t\t\t<\/div>\n\t\t\t\t<div class=\"elementor-element elementor-element-26d8c22 elementor-widget__width-initial elementor-widget-mobile__width-inherit elementor-widget-tablet__width-inherit elementor-widget elementor-widget-text-editor\" data-id=\"26d8c22\" data-element_type=\"widget\" data-e-type=\"widget\" data-widget_type=\"text-editor.default\">\n\t\t\t\t<div class=\"elementor-widget-container\">\n\t\t\t\t\t\t\t\t\t<p>Real Step est n\u00e9 en r\u00e9ponse \u00e0 une demande d\u2019exp\u00e9riences professionnalisantes, et propose ainsi des <strong>stages conventionn\u00e9s<\/strong>, <strong>formations professionnelles<\/strong> et des <strong>ann\u00e9es de c\u00e9sure<\/strong> \u00e0 l\u2019\u00e9tranger, avec un impact durable et positif pour les communaut\u00e9s locales.<\/p>\n<p>&nbsp;<\/p>\n<p>RealStep, c\u2019est le fruit du travail d\u2019une \u00e9quipe de passionn\u00e9s qui collabore depuis 10 ans avec des ONG. Justine Trembicki d\u00e9cide de cr\u00e9er ce nouvel organisme suite aux nombreux retours des volontaires partis avec Freepackers, la premi\u00e8re structure dont elle est la fondatrice.<\/p>\n<p>&nbsp;<\/p>\n<p>\u00c0 travers Real Step, nous vous accompagnons dans votre parcours professionnel et vous offrons une exp\u00e9rience \u00e0 l\u2019international permettant de d\u00e9velopper des comp\u00e9tences transversales. En raison de notre exp\u00e9rience, nous vous apportons ainsi une r\u00e9elle expertise notamment gr\u00e2ce \u00e0 notre connaissance approfondie du terrain et des organismes partenaires.<\/p>\n\t\t\t\t\t\t\t\t<\/div>\n\t\t\t\t<\/div>\n\t\t\t\t<div class=\"elementor-element elementor-element-d6c84a9 elementor-widget__width-initial elementor-widget-tablet__width-inherit elementor-widget elementor-widget-image\" data-id=\"d6c84a9\" data-element_type=\"widget\" data-e-type=\"widget\" data-widget_type=\"image.default\">\n\t\t\t\t<div class=\"elementor-widget-container\">\n\t\t\t\t\t\t\t\t\t\t\t\t\t\t\t<img fetchpriority=\"high\" decoding=\"async\" width=\"800\" height=\"600\" src=\"https:\/\/freepackers.com\/wp-content\/uploads\/2022\/12\/IMG_7252-1024x768.jpg\" class=\"attachment-large size-large wp-image-5183\" alt=\"\" srcset=\"https:\/\/freepackers.com\/wp-content\/uploads\/2022\/12\/IMG_7252-1024x768.jpg 1024w, https:\/\/freepackers.com\/wp-content\/uploads\/2022\/12\/IMG_7252-300x225.jpg 300w, https:\/\/freepackers.com\/wp-content\/uploads\/2022\/12\/IMG_7252-768x576.jpg 768w, https:\/\/freepackers.com\/wp-content\/uploads\/2022\/12\/IMG_7252-1536x1152.jpg 1536w, https:\/\/freepackers.com\/wp-content\/uploads\/2022\/12\/IMG_7252-2048x1536.jpg 2048w\" sizes=\"(max-width: 800px) 100vw, 800px\" \/>\t\t\t\t\t\t\t\t\t\t\t\t\t\t\t<\/div>\n\t\t\t\t<\/div>\n\t\t\t\t<div class=\"elementor-element elementor-element-9f98474 elementor-align-left elementor-tablet-align-center elementor-widget__width-initial elementor-widget elementor-widget-button\" data-id=\"9f98474\" data-element_type=\"widget\" data-e-type=\"widget\" data-widget_type=\"button.default\">\n\t\t\t\t<div class=\"elementor-widget-container\">\n\t\t\t\t\t\t\t\t\t<div class=\"elementor-button-wrapper\">\n\t\t\t\t\t<a class=\"elementor-button elementor-button-link elementor-size-sm\" href=\"https:\/\/www.real-step.com\/\" target=\"_blank\" rel=\"noopener noreferrer nofollow\">\n\t\t\t\t\t\t<span class=\"elementor-button-content-wrapper\">\n\t\t\t\t\t\t\t\t\t<span class=\"elementor-button-text\">D\u00c9COUVRIR REALSTEP<\/span>\n\t\t\t\t\t<\/span>\n\t\t\t\t\t<\/a>\n\t\t\t\t<\/div>\n\t\t\t\t\t\t\t\t<\/div>\n\t\t\t\t<\/div>\n\t\t\t\t<div class=\"elementor-element elementor-element-60e8574 elementor-widget elementor-widget-heading\" data-id=\"60e8574\" data-element_type=\"widget\" data-e-type=\"widget\" data-widget_type=\"heading.default\">\n\t\t\t\t<div class=\"elementor-widget-container\">\n\t\t\t\t\t<h2 class=\"elementor-heading-title elementor-size-medium\">Pourquoi choisir Real Step ?<\/h2>\t\t\t\t<\/div>\n\t\t\t\t<\/div>\n\t\t\t\t<div class=\"elementor-element elementor-element-3043ff1 elementor-widget__width-initial elementor-widget-tablet__width-inherit elementor-widget elementor-widget-image\" data-id=\"3043ff1\" data-element_type=\"widget\" data-e-type=\"widget\" data-widget_type=\"image.default\">\n\t\t\t\t<div class=\"elementor-widget-container\">\n\t\t\t\t\t\t\t\t\t\t\t\t\t\t\t<img decoding=\"async\" width=\"800\" height=\"534\" src=\"https:\/\/freepackers.com\/wp-content\/uploads\/2022\/12\/man-1850181_960_720.jpg\" class=\"attachment-large size-large wp-image-5185\" alt=\"\" srcset=\"https:\/\/freepackers.com\/wp-content\/uploads\/2022\/12\/man-1850181_960_720.jpg 960w, https:\/\/freepackers.com\/wp-content\/uploads\/2022\/12\/man-1850181_960_720-300x200.jpg 300w, https:\/\/freepackers.com\/wp-content\/uploads\/2022\/12\/man-1850181_960_720-768x513.jpg 768w\" sizes=\"(max-width: 800px) 100vw, 800px\" \/>\t\t\t\t\t\t\t\t\t\t\t\t\t\t\t<\/div>\n\t\t\t\t<\/div>\n\t\t\t\t<div class=\"elementor-element elementor-element-d5fb5f2 elementor-widget__width-initial elementor-widget-mobile__width-inherit elementor-widget-tablet__width-inherit elementor-widget elementor-widget-text-editor\" data-id=\"d5fb5f2\" data-element_type=\"widget\" data-e-type=\"widget\" data-widget_type=\"text-editor.default\">\n\t\t\t\t<div class=\"elementor-widget-container\">\n\t\t\t\t\t\t\t\t\t<p>RealStep ne propose pas seulement des projets pour acqu\u00e9rir une exp\u00e9rience internationale, mais \u00e9galement tout un travail d\u2019accompagnement, de suivi personnalis\u00e9 et individuel ce qui permet de vous orienter vers des missions adapt\u00e9es pour vous faire vivre une exp\u00e9rience unique et optimale. Nous cherchons \u00e9galement \u00e0 promouvoir l\u2019emploi \u00e0 l\u2019international avec un impact positif sur les communaut\u00e9s locales et leur environnement.<\/p>\n<p>&nbsp;<\/p>\n<p><strong>Choisir RealStep, c\u2019est choisir :<\/strong><\/p>\n<ul>\n<li>Parmi un large panel de programmes vari\u00e9s, r\u00e9partis sur une trentaine de destination aux quatre coins du monde ;<\/li>\n<li>Parmi trois types d\u2019exp\u00e9riences en ONG professionnalisantes : initiation, stages conventionn\u00e9s, et formations carri\u00e8res ;<\/li>\n<li>Aucun frais de dossiers sur les \u00e9tudes et cours de langue \u00e0 l\u2019\u00e9tranger ;<\/li>\n<li>Un suivi en amont \u00e0 travers des entretiens t\u00e9l\u00e9phoniques, pour identifier les besoins, les motivations et les savoir-faire du participant ;<\/li>\n<li>Un accompagnement et un encadrement permanent sur place ; &#8211; Une logistique organis\u00e9e et comprise dans les projets (logement, repas, transports\u2026)<\/li>\n<li>De participer \u00e0 des projets de d\u00e9veloppement durable ayant un impact positif aupr\u00e8s des communaut\u00e9s locales<\/li>\n<\/ul>\n<p>&nbsp;<\/p>\n<p>RealStep est en effet un organisme transparent qui tient au respect de ses valeurs et engagements d\u00e9finis dans la charte.<\/p>\n\t\t\t\t\t\t\t\t<\/div>\n\t\t\t\t<\/div>\n\t\t\t\t\t<\/div>\n\t\t<\/div>\n\t\t\t\t\t<\/div>\n\t\t<\/section>\n\t\t\t\t<\/div>\n\t\t","protected":false},"excerpt":{"rendered":"<p>Accueil D\u00c9COUVRIR REALSTEP<\/p>\n","protected":false},"author":1,"featured_media":0,"parent":0,"menu_order":0,"comment_status":"closed","ping_status":"closed","template":"","meta":{"_jet_sm_ready_style":"","_jet_sm_style":"","_jet_sm_controls_values":"","_jet_sm_fonts_collection":"","_jet_sm_fonts_links":"","footnotes":""},"type-de-page":[],"class_list":["post-836","page","type-page","status-publish","hentry","referencer-la-page-dans-la-barre-oui"],"_links":{"self":[{"href":"https:\/\/freepackers.com\/fr\/wp-json\/wp\/v2\/pages\/836","targetHints":{"allow":["GET"]}}],"collection":[{"href":"https:\/\/freepackers.com\/fr\/wp-json\/wp\/v2\/pages"}],"about":[{"href":"https:\/\/freepackers.com\/fr\/wp-json\/wp\/v2\/types\/page"}],"author":[{"embeddable":true,"href":"https:\/\/freepackers.com\/fr\/wp-json\/wp\/v2\/users\/1"}],"replies":[{"embeddable":true,"href":"https:\/\/freepackers.com\/fr\/wp-json\/wp\/v2\/comments?post=836"}],"version-history":[{"count":2,"href":"https:\/\/freepackers.com\/fr\/wp-json\/wp\/v2\/pages\/836\/revisions"}],"predecessor-version":[{"id":20730,"href":"https:\/\/freepackers.com\/fr\/wp-json\/wp\/v2\/pages\/836\/revisions\/20730"}],"wp:attachment":[{"href":"https:\/\/freepackers.com\/fr\/wp-json\/wp\/v2\/media?parent=836"}],"wp:term":[{"taxonomy":"type-de-page","embeddable":true,"href":"https:\/\/freepackers.com\/fr\/wp-json\/wp\/v2\/type-de-page?post=836"}],"curies":[{"name":"wp","href":"https:\/\/api.w.org\/{rel}","templated":true}]}}