{"id":337,"date":"2022-09-18T07:38:53","date_gmt":"2022-09-18T06:38:53","guid":{"rendered":"https:\/\/freepackers.com\/?page_id=337"},"modified":"2025-08-27T12:58:44","modified_gmt":"2025-08-27T11:58:44","slug":"avis-freepackers","status":"publish","type":"page","link":"https:\/\/freepackers.com\/fr\/avis-freepackers\/","title":{"rendered":"Avis freepackers"},"content":{"rendered":"\t\t<div data-elementor-type=\"wp-page\" data-elementor-id=\"337\" class=\"elementor elementor-337\" data-elementor-post-type=\"page\">\n\t\t\t\t\t\t<section class=\"elementor-section elementor-top-section elementor-element elementor-element-5e352a88 elementor-section-full_width elementor-section-height-min-height elementor-section-content-middle elementor-section-height-default elementor-section-items-middle\" data-id=\"5e352a88\" data-element_type=\"section\" data-e-type=\"section\" data-settings=\"{&quot;jet_parallax_layout_list&quot;:[],&quot;background_background&quot;:&quot;classic&quot;}\">\n\t\t\t\t\t\t\t<div class=\"elementor-background-overlay\"><\/div>\n\t\t\t\t\t\t\t<div class=\"elementor-container elementor-column-gap-no\">\n\t\t\t\t\t<div class=\"elementor-column elementor-col-100 elementor-top-column elementor-element elementor-element-7c80e8d9\" data-id=\"7c80e8d9\" data-element_type=\"column\" data-e-type=\"column\">\n\t\t\t<div class=\"elementor-widget-wrap elementor-element-populated\">\n\t\t\t\t\t\t<div class=\"elementor-element elementor-element-381f05cf elementor-widget elementor-widget-heading\" data-id=\"381f05cf\" data-element_type=\"widget\" data-e-type=\"widget\" data-widget_type=\"heading.default\">\n\t\t\t\t<div class=\"elementor-widget-container\">\n\t\t\t\t\t<h1 class=\"elementor-heading-title elementor-size-xl\">Avis Freepackers<\/h1>\t\t\t\t<\/div>\n\t\t\t\t<\/div>\n\t\t\t\t\t<\/div>\n\t\t<\/div>\n\t\t\t\t\t<\/div>\n\t\t<\/section>\n\t\t\t\t<section class=\"elementor-section elementor-top-section elementor-element elementor-element-1b64436 elementor-section-boxed elementor-section-height-default elementor-section-height-default\" data-id=\"1b64436\" data-element_type=\"section\" data-e-type=\"section\" data-settings=\"{&quot;jet_parallax_layout_list&quot;:[]}\">\n\t\t\t\t\t\t<div class=\"elementor-container elementor-column-gap-default\">\n\t\t\t\t\t<div class=\"elementor-column elementor-col-100 elementor-top-column elementor-element elementor-element-862199e\" data-id=\"862199e\" data-element_type=\"column\" data-e-type=\"column\">\n\t\t\t<div class=\"elementor-widget-wrap elementor-element-populated\">\n\t\t\t\t\t\t<div class=\"elementor-element elementor-element-24c2d37 elementor-widget elementor-widget-jet-breadcrumbs\" data-id=\"24c2d37\" data-element_type=\"widget\" data-e-type=\"widget\" data-widget_type=\"jet-breadcrumbs.default\">\n\t\t\t\t<div class=\"elementor-widget-container\">\n\t\t\t\t\t<div class=\"elementor-jet-breadcrumbs jet-blocks\">\n\t\t<div class=\"jet-breadcrumbs\">\n\t\t<div class=\"jet-breadcrumbs__content\">\n\t\t<div class=\"jet-breadcrumbs__wrap\"><div class=\"jet-breadcrumbs__item\"><a href=\"https:\/\/freepackers.com\/fr\/\" class=\"jet-breadcrumbs__item-link is-home\" rel=\"home\" title=\"Freepackers &amp; Planeta First \u2014 Voyages engag\u00e9s\">Freepackers &amp; Planeta First \u2014 Voyages engag\u00e9s<\/a><\/div>\n\t\t<\/div>\n\t\t<\/div>\n\t\t<\/div><\/div>\t\t\t\t<\/div>\n\t\t\t\t<\/div>\n\t\t\t\t<div class=\"elementor-element elementor-element-89642d0 elementor-widget elementor-widget-heading\" data-id=\"89642d0\" data-element_type=\"widget\" data-e-type=\"widget\" data-widget_type=\"heading.default\">\n\t\t\t\t<div class=\"elementor-widget-container\">\n\t\t\t\t\t<h2 class=\"elementor-heading-title elementor-size-medium\">D\u00e9couvrez les avis freepackers<\/h2>\t\t\t\t<\/div>\n\t\t\t\t<\/div>\n\t\t\t\t<div class=\"elementor-element elementor-element-5e5b85b elementor-widget elementor-widget-heading\" data-id=\"5e5b85b\" data-element_type=\"widget\" data-e-type=\"widget\" data-widget_type=\"heading.default\">\n\t\t\t\t<div class=\"elementor-widget-container\">\n\t\t\t\t\t<h3 class=\"elementor-heading-title elementor-size-small\">Laiss\u00e9s par nos volontaires suite \u00e0 leurs exp\u00e9riences au quatre coins du monde<\/h3>\t\t\t\t<\/div>\n\t\t\t\t<\/div>\n\t\t\t\t<div class=\"elementor-element elementor-element-6257751 elementor-widget elementor-widget-jet-listing-dynamic-field\" data-id=\"6257751\" data-element_type=\"widget\" data-e-type=\"widget\" data-widget_type=\"jet-listing-dynamic-field.default\">\n\t\t\t\t<div class=\"elementor-widget-container\">\n\t\t\t\t\t<div class=\"jet-listing jet-listing-dynamic-field display-inline\"><div class=\"jet-listing-dynamic-field__inline-wrap\"><div class=\"jet-listing-dynamic-field__content\" ><style> \n.embedsocial-reviews-iframe\n{\nwidth: 75vw !important;\n}\n<\/style><div class=\"embedsocial-reviews\" data-ref=\"d818d0d5650fee531f3c0163e065114ed3cdde98\"><\/div> <script> (function(d, s, id){ var js; if (d.getElementById(id)) {return;} js = d.createElement(s); js.id = id; js.src = \"https:\/\/embedsocial.com\/embedscript\/ri.js\"; d.getElementsByTagName(\"head\")[0].appendChild(js); }(document, \"script\", \"EmbedSocialReviewsScript\")); <\/script><\/div><\/div><\/div>\t\t\t\t<\/div>\n\t\t\t\t<\/div>\n\t\t\t\t\t<\/div>\n\t\t<\/div>\n\t\t\t\t\t<\/div>\n\t\t<\/section>\n\t\t\t\t<\/div>\n\t\t","protected":false},"excerpt":{"rendered":"<p>Accueil<\/p>\n","protected":false},"author":1,"featured_media":0,"parent":0,"menu_order":0,"comment_status":"closed","ping_status":"closed","template":"","meta":{"_jet_sm_ready_style":"","_jet_sm_style":"","_jet_sm_controls_values":"","_jet_sm_fonts_collection":"","_jet_sm_fonts_links":"","public_cible":[],"niveau_de_langue":0,"thematique":[],"sous_categorie":[],"continent":[],"pays":[],"ville":0,"_pro-age-minimum":"","footnotes":""},"no_display_niveau-de-langue":[],"no_display_sous-categorie":[],"no_display_pays":[],"no_display_villes":[],"no_display_public-cible":[],"no_display_continent":[],"type-de-page":[],"class_list":["post-337","page","type-page","status-publish","hentry","referencer-la-page-dans-la-barre-oui"],"_links":{"self":[{"href":"https:\/\/freepackers.com\/fr\/wp-json\/wp\/v2\/pages\/337","targetHints":{"allow":["GET"]}}],"collection":[{"href":"https:\/\/freepackers.com\/fr\/wp-json\/wp\/v2\/pages"}],"about":[{"href":"https:\/\/freepackers.com\/fr\/wp-json\/wp\/v2\/types\/page"}],"author":[{"embeddable":true,"href":"https:\/\/freepackers.com\/fr\/wp-json\/wp\/v2\/users\/1"}],"replies":[{"embeddable":true,"href":"https:\/\/freepackers.com\/fr\/wp-json\/wp\/v2\/comments?post=337"}],"version-history":[{"count":2,"href":"https:\/\/freepackers.com\/fr\/wp-json\/wp\/v2\/pages\/337\/revisions"}],"predecessor-version":[{"id":20712,"href":"https:\/\/freepackers.com\/fr\/wp-json\/wp\/v2\/pages\/337\/revisions\/20712"}],"wp:attachment":[{"href":"https:\/\/freepackers.com\/fr\/wp-json\/wp\/v2\/media?parent=337"}],"wp:term":[{"taxonomy":"no_display_niveau-de-langue","embeddable":true,"href":"https:\/\/freepackers.com\/fr\/wp-json\/wp\/v2\/no_display_niveau-de-langue?post=337"},{"taxonomy":"no_display_sous-categorie","embeddable":true,"href":"https:\/\/freepackers.com\/fr\/wp-json\/wp\/v2\/no_display_sous-categorie?post=337"},{"taxonomy":"no_display_pays","embeddable":true,"href":"https:\/\/freepackers.com\/fr\/wp-json\/wp\/v2\/no_display_pays?post=337"},{"taxonomy":"no_display_villes","embeddable":true,"href":"https:\/\/freepackers.com\/fr\/wp-json\/wp\/v2\/no_display_villes?post=337"},{"taxonomy":"no_display_public-cible","embeddable":true,"href":"https:\/\/freepackers.com\/fr\/wp-json\/wp\/v2\/no_display_public-cible?post=337"},{"taxonomy":"no_display_continent","embeddable":true,"href":"https:\/\/freepackers.com\/fr\/wp-json\/wp\/v2\/no_display_continent?post=337"},{"taxonomy":"type-de-page","embeddable":true,"href":"https:\/\/freepackers.com\/fr\/wp-json\/wp\/v2\/type-de-page?post=337"}],"curies":[{"name":"wp","href":"https:\/\/api.w.org\/{rel}","templated":true}]}}