{"id":307,"date":"2022-09-18T07:03:40","date_gmt":"2022-09-18T06:03:40","guid":{"rendered":"https:\/\/freepackers.com\/?page_id=307"},"modified":"2025-08-29T15:53:27","modified_gmt":"2025-08-29T14:53:27","slug":"certifications-freepackers","status":"publish","type":"page","link":"https:\/\/freepackers.com\/fr\/certifications-freepackers\/","title":{"rendered":"Certifications"},"content":{"rendered":"\t\t<div data-elementor-type=\"wp-page\" data-elementor-id=\"307\" class=\"elementor elementor-307\" data-elementor-post-type=\"page\">\n\t\t\t\t\t\t<section class=\"elementor-section elementor-top-section elementor-element elementor-element-386fa121 elementor-section-full_width elementor-section-height-min-height elementor-section-content-middle elementor-section-height-default elementor-section-items-middle\" data-id=\"386fa121\" data-element_type=\"section\" data-e-type=\"section\" data-settings=\"{&quot;jet_parallax_layout_list&quot;:[],&quot;background_background&quot;:&quot;classic&quot;}\">\n\t\t\t\t\t\t\t<div class=\"elementor-background-overlay\"><\/div>\n\t\t\t\t\t\t\t<div class=\"elementor-container elementor-column-gap-no\">\n\t\t\t\t\t<div class=\"elementor-column elementor-col-100 elementor-top-column elementor-element elementor-element-1d6476ae\" data-id=\"1d6476ae\" data-element_type=\"column\" data-e-type=\"column\">\n\t\t\t<div class=\"elementor-widget-wrap elementor-element-populated\">\n\t\t\t\t\t\t<div class=\"elementor-element elementor-element-3d98177a elementor-widget elementor-widget-heading\" data-id=\"3d98177a\" data-element_type=\"widget\" data-e-type=\"widget\" data-widget_type=\"heading.default\">\n\t\t\t\t<div class=\"elementor-widget-container\">\n\t\t\t\t\t<h1 class=\"elementor-heading-title elementor-size-default\">Certifications<\/h1>\t\t\t\t<\/div>\n\t\t\t\t<\/div>\n\t\t\t\t\t<\/div>\n\t\t<\/div>\n\t\t\t\t\t<\/div>\n\t\t<\/section>\n\t\t\t\t<section class=\"elementor-section elementor-top-section elementor-element elementor-element-915d7ce elementor-section-boxed elementor-section-height-default elementor-section-height-default\" data-id=\"915d7ce\" data-element_type=\"section\" data-e-type=\"section\" data-settings=\"{&quot;jet_parallax_layout_list&quot;:[]}\">\n\t\t\t\t\t\t<div class=\"elementor-container elementor-column-gap-default\">\n\t\t\t\t\t<div class=\"elementor-column elementor-col-100 elementor-top-column elementor-element elementor-element-2ed62c7\" data-id=\"2ed62c7\" data-element_type=\"column\" data-e-type=\"column\">\n\t\t\t<div class=\"elementor-widget-wrap elementor-element-populated\">\n\t\t\t\t\t\t<div class=\"elementor-element elementor-element-833a98d elementor-widget elementor-widget-jet-breadcrumbs\" data-id=\"833a98d\" data-element_type=\"widget\" data-e-type=\"widget\" data-widget_type=\"jet-breadcrumbs.default\">\n\t\t\t\t<div class=\"elementor-widget-container\">\n\t\t\t\t\t<div class=\"elementor-jet-breadcrumbs jet-blocks\">\n\t\t<div class=\"jet-breadcrumbs\">\n\t\t<div class=\"jet-breadcrumbs__content\">\n\t\t<div class=\"jet-breadcrumbs__wrap\"><div class=\"jet-breadcrumbs__item\"><a href=\"https:\/\/freepackers.com\/fr\/\" class=\"jet-breadcrumbs__item-link is-home\" rel=\"home\" title=\"Freepackers &amp; Planeta First \u2014 Voyages engag\u00e9s\">Freepackers &amp; Planeta First \u2014 Voyages engag\u00e9s<\/a><\/div>\n\t\t<\/div>\n\t\t<\/div>\n\t\t<\/div><\/div>\t\t\t\t<\/div>\n\t\t\t\t<\/div>\n\t\t<div class=\"elementor-element elementor-element-48f8ec9 e-flex e-con-boxed e-con e-parent\" data-id=\"48f8ec9\" data-element_type=\"container\" data-e-type=\"container\" data-settings=\"{&quot;jet_parallax_layout_list&quot;:[]}\">\n\t\t\t\t\t<div class=\"e-con-inner\">\n\t\t\t\t<div class=\"elementor-element elementor-element-de7f227 elementor-widget elementor-widget-html\" data-id=\"de7f227\" data-element_type=\"widget\" data-e-type=\"widget\" data-widget_type=\"html.default\">\n\t\t\t\t<div class=\"elementor-widget-container\">\n\t\t\t\t\t<iframe src=\"https:\/\/www.goabroad.com\/reviews\/generator\/provider\/46255\/0\/230\/325\/0\/0?layout_type=0&theme=light&show_name=0&show_logo=1&is_stacked=0&logo_size=150&link=read\" frameborder=\"0\" scrolling=\"no\" allowTransparency=\"true\" style=\"border: none; overflow: auto; width: 230px; height: 325px;\"><\/iframe>\t\t\t\t<\/div>\n\t\t\t\t<\/div>\n\t\t\t\t\t<\/div>\n\t\t\t\t<\/div>\n\t\t\t\t<div class=\"elementor-element elementor-element-33c32fc elementor-widget elementor-widget-heading\" data-id=\"33c32fc\" data-element_type=\"widget\" data-e-type=\"widget\" data-widget_type=\"heading.default\">\n\t\t\t\t<div class=\"elementor-widget-container\">\n\t\t\t\t\t<h2 class=\"elementor-heading-title elementor-size-medium\">Entreprise certifi\u00e9e B Corp<\/h2>\t\t\t\t<\/div>\n\t\t\t\t<\/div>\n\t\t\t\t<div class=\"elementor-element elementor-element-ab4ad63 elementor-widget__width-initial elementor-widget-mobile__width-inherit elementor-widget elementor-widget-text-editor\" data-id=\"ab4ad63\" data-element_type=\"widget\" data-e-type=\"widget\" data-widget_type=\"text-editor.default\">\n\t\t\t\t<div class=\"elementor-widget-container\">\n\t\t\t\t\t\t\t\t\t<p>&nbsp;<\/p>\n<p><span style=\"font-weight: 400\">Depuis mars 2024, Freepackers est certifi\u00e9e <strong>B Corp. <\/strong><\/span><span style=\"font-weight: 400\">En tant que B Corp, nous faisons partie d&rsquo;une communaut\u00e9 mondiale d&rsquo;entreprises qui respecte des normes sociales et environnementales \u00e9lev\u00e9es.<\/span><\/p>\n<p><span style=\"font-weight: 400\">B signifie B\u00e9n\u00e9fice pour tou.te.s.<\/span><\/p>\n<p><span style=\"font-weight: 400\">Nous mobilisons le mouvement B Corp pour changer notre syst\u00e8me \u00e9conomique et avoir un impact positif sur toutes les parties prenantes : <\/span><\/p>\n<ul>\n<li><span style=\"font-weight: 400\">Collaborateur.trice.s<\/span><\/li>\n<li><span style=\"font-weight: 400\">Communaut\u00e9s<\/span><\/li>\n<li><span style=\"font-weight: 400\">Client.e.s <\/span><\/li>\n<li><span style=\"font-weight: 400\">Notre plan\u00e8te !<\/span><\/li>\n<\/ul>\n\t\t\t\t\t\t\t\t<\/div>\n\t\t\t\t<\/div>\n\t\t\t\t<div class=\"elementor-element elementor-element-1a9c94e elementor-widget__width-initial elementor-widget-mobile__width-inherit elementor-widget elementor-widget-image\" data-id=\"1a9c94e\" data-element_type=\"widget\" data-e-type=\"widget\" data-widget_type=\"image.default\">\n\t\t\t\t<div class=\"elementor-widget-container\">\n\t\t\t\t\t\t\t\t\t\t\t\t\t\t\t<img fetchpriority=\"high\" decoding=\"async\" width=\"404\" height=\"675\" src=\"https:\/\/freepackers.com\/wp-content\/uploads\/2024\/04\/French-Certifee-B-Logo-Black-RGB.webp\" class=\"attachment-large size-large wp-image-13996\" alt=\"\" srcset=\"https:\/\/freepackers.com\/wp-content\/uploads\/2024\/04\/French-Certifee-B-Logo-Black-RGB.webp 404w, https:\/\/freepackers.com\/wp-content\/uploads\/2024\/04\/French-Certifee-B-Logo-Black-RGB-180x300.webp 180w\" sizes=\"(max-width: 404px) 100vw, 404px\" \/>\t\t\t\t\t\t\t\t\t\t\t\t\t\t\t<\/div>\n\t\t\t\t<\/div>\n\t\t\t\t<div class=\"elementor-element elementor-element-a8143f6 elementor-widget elementor-widget-heading\" data-id=\"a8143f6\" data-element_type=\"widget\" data-e-type=\"widget\" data-widget_type=\"heading.default\">\n\t\t\t\t<div class=\"elementor-widget-container\">\n\t\t\t\t\t<h2 class=\"elementor-heading-title elementor-size-medium\">Wyse Travel Confederation Member<\/h2>\t\t\t\t<\/div>\n\t\t\t\t<\/div>\n\t\t\t\t<div class=\"elementor-element elementor-element-073484e elementor-widget__width-initial elementor-widget-mobile__width-inherit elementor-widget elementor-widget-text-editor\" data-id=\"073484e\" data-element_type=\"widget\" data-e-type=\"widget\" data-widget_type=\"text-editor.default\">\n\t\t\t\t<div class=\"elementor-widget-container\">\n\t\t\t\t\t\t\t\t\t<p>&nbsp;<\/p>\n<p style=\"text-align: left\">WYSE est une organisation mondiale \u00e0 but non lucratif repr\u00e9sentant les acteurs du voyage jeune et du voyage \u00e9tudiant \u00e0 travers le monde.<\/p>\n<p style=\"text-align: left\">Les 600 membres sont les leaders du voyage \u00e9ducatif et forment un r\u00e9seau professionnel puissant et \u00e9tendu. Ses membres servent collectivement plus de 40 millions de jeunes voyageurs par an et sont les chefs de file des services de voyage utilis\u00e9s par les jeunes.<\/p>\n<h4><a href=\"https:\/\/www.wysetc.org\/gyta-2023-winners\/\" target=\"_blank\" rel=\"noopener noreferrer nofollow\"><img decoding=\"async\" class=\"wp-image-11616 alignleft\" src=\"https:\/\/freepackers.com\/wp-content\/uploads\/2023\/09\/FP-prix.svg\" alt=\"\" width=\"124\" height=\"70\" \/><\/a>Freepackers a re\u00e7u le prix de la meilleure coop\u00e9ration internationale Global Youth Travel Awards 2023<\/h4>\n<p>&nbsp;<\/p>\n<p>&nbsp;<\/p>\n<p>&nbsp;<\/p>\n\t\t\t\t\t\t\t\t<\/div>\n\t\t\t\t<\/div>\n\t\t\t\t<div class=\"elementor-element elementor-element-19530eb elementor-widget__width-initial elementor-widget-mobile__width-inherit elementor-widget elementor-widget-image\" data-id=\"19530eb\" data-element_type=\"widget\" data-e-type=\"widget\" data-widget_type=\"image.default\">\n\t\t\t\t<div class=\"elementor-widget-container\">\n\t\t\t\t\t\t\t\t\t\t\t\t\t\t\t<img decoding=\"async\" width=\"800\" height=\"270\" src=\"https:\/\/freepackers.com\/wp-content\/uploads\/2024\/07\/WYSETC_Logo-1024x345.webp\" class=\"attachment-large size-large wp-image-15326\" alt=\"\" srcset=\"https:\/\/freepackers.com\/wp-content\/uploads\/2024\/07\/WYSETC_Logo-1024x345.webp 1024w, https:\/\/freepackers.com\/wp-content\/uploads\/2024\/07\/WYSETC_Logo-300x101.webp 300w, https:\/\/freepackers.com\/wp-content\/uploads\/2024\/07\/WYSETC_Logo-768x258.webp 768w, https:\/\/freepackers.com\/wp-content\/uploads\/2024\/07\/WYSETC_Logo.webp 1260w\" sizes=\"(max-width: 800px) 100vw, 800px\" \/>\t\t\t\t\t\t\t\t\t\t\t\t\t\t\t<\/div>\n\t\t\t\t<\/div>\n\t\t\t\t<div class=\"elementor-element elementor-element-f9b0ed7 elementor-widget elementor-widget-heading\" data-id=\"f9b0ed7\" data-element_type=\"widget\" data-e-type=\"widget\" data-widget_type=\"heading.default\">\n\t\t\t\t<div class=\"elementor-widget-container\">\n\t\t\t\t\t<h2 class=\"elementor-heading-title elementor-size-medium\">Membre de la commission WD12 sur le Tourisme Responsable<\/h2>\t\t\t\t<\/div>\n\t\t\t\t<\/div>\n\t\t\t\t<div class=\"elementor-element elementor-element-4c54d9d elementor-widget__width-initial elementor-widget-mobile__width-inherit elementor-widget elementor-widget-text-editor\" data-id=\"4c54d9d\" data-element_type=\"widget\" data-e-type=\"widget\" data-widget_type=\"text-editor.default\">\n\t\t\t\t<div class=\"elementor-widget-container\">\n\t\t\t\t\t\t\t\t\t<p>En 2016-2017 Freepackers a particip\u00e9 au groupe de travail AFNOR WD12 pour l&rsquo;\u00e9laboration d&rsquo;une norme dans le secteur du tourisme responsable et du voyage humanitaire.<\/p>\n<p>Depuis, Freepackers s&rsquo;engage \u00e0 respecter et faire respecter les bonnes pratiques en collaboration avec plusieurs acteurs dans un secteur peu r\u00e9glement\u00e9, notamment en :<\/p>\n<ul>\n<li>cosignant des chartes<\/li>\n<li>r\u00e9pondant \u00e0 des audits<\/li>\n<li>s&rsquo;effor\u00e7ant \u00e0 une transparence totale de la r\u00e9partition des co\u00fbts.<\/li>\n<\/ul>\n\t\t\t\t\t\t\t\t<\/div>\n\t\t\t\t<\/div>\n\t\t\t\t<div class=\"elementor-element elementor-element-1e7811d elementor-widget__width-initial elementor-widget-mobile__width-inherit elementor-widget elementor-widget-image\" data-id=\"1e7811d\" data-element_type=\"widget\" data-e-type=\"widget\" data-widget_type=\"image.default\">\n\t\t\t\t<div class=\"elementor-widget-container\">\n\t\t\t\t\t\t\t\t\t\t\t\t\t\t\t<img loading=\"lazy\" decoding=\"async\" width=\"500\" height=\"148\" src=\"https:\/\/freepackers.com\/wp-content\/uploads\/2022\/10\/afnor.svg\" class=\"attachment-large size-large wp-image-1006\" alt=\"\" \/>\t\t\t\t\t\t\t\t\t\t\t\t\t\t\t<\/div>\n\t\t\t\t<\/div>\n\t\t\t\t<div class=\"elementor-element elementor-element-784d0ca elementor-widget elementor-widget-heading\" data-id=\"784d0ca\" data-element_type=\"widget\" data-e-type=\"widget\" data-widget_type=\"heading.default\">\n\t\t\t\t<div class=\"elementor-widget-container\">\n\t\t\t\t\t<h2 class=\"elementor-heading-title elementor-size-medium\">Membre du comit\u00e9 de mobilit\u00e9 internationale<\/h2>\t\t\t\t<\/div>\n\t\t\t\t<\/div>\n\t\t\t\t<div class=\"elementor-element elementor-element-b213179 elementor-widget__width-initial elementor-widget-mobile__width-inherit elementor-widget elementor-widget-text-editor\" data-id=\"b213179\" data-element_type=\"widget\" data-e-type=\"widget\" data-widget_type=\"text-editor.default\">\n\t\t\t\t<div class=\"elementor-widget-container\">\n\t\t\t\t\t\t\t\t\t<p>Il r\u00e9unit une trentaine d&rsquo;experts pour favoriser la r\u00e9ussite professionnelle des jeunes par les exp\u00e9riences internationales et <strong>l&rsquo;apprentissage des langues<\/strong>.<\/p>\n<p>Freepackers participe avec le CMI \u00e0 une dizaine de salons Studyrama chaque ann\u00e9e. Rencontrez-nous sur le stand CMI et trouvons l&rsquo;exp\u00e9rience qui vous convient.<\/p>\n\t\t\t\t\t\t\t\t<\/div>\n\t\t\t\t<\/div>\n\t\t\t\t<div class=\"elementor-element elementor-element-1401be9 elementor-widget__width-initial elementor-widget-mobile__width-inherit elementor-widget elementor-widget-image\" data-id=\"1401be9\" data-element_type=\"widget\" data-e-type=\"widget\" data-widget_type=\"image.default\">\n\t\t\t\t<div class=\"elementor-widget-container\">\n\t\t\t\t\t\t\t\t\t\t\t\t\t\t\t<img loading=\"lazy\" decoding=\"async\" width=\"243\" height=\"143\" src=\"https:\/\/freepackers.com\/wp-content\/uploads\/2022\/10\/cmi.svg\" class=\"attachment-large size-large wp-image-1010\" alt=\"\" \/>\t\t\t\t\t\t\t\t\t\t\t\t\t\t\t<\/div>\n\t\t\t\t<\/div>\n\t\t\t\t<div class=\"elementor-element elementor-element-c0e8826 elementor-widget elementor-widget-heading\" data-id=\"c0e8826\" data-element_type=\"widget\" data-e-type=\"widget\" data-widget_type=\"heading.default\">\n\t\t\t\t<div class=\"elementor-widget-container\">\n\t\t\t\t\t<h2 class=\"elementor-heading-title elementor-size-medium\">Certifi\u00e9 sp\u00e9cialiste Australie <\/h2>\t\t\t\t<\/div>\n\t\t\t\t<\/div>\n\t\t\t\t<div class=\"elementor-element elementor-element-5c8f3ad elementor-widget__width-initial elementor-widget-mobile__width-inherit elementor-widget elementor-widget-text-editor\" data-id=\"5c8f3ad\" data-element_type=\"widget\" data-e-type=\"widget\" data-widget_type=\"text-editor.default\">\n\t\t\t\t<div class=\"elementor-widget-container\">\n\t\t\t\t\t\t\t\t\t<p>Nous sommes une agence certifi\u00e9e Sp\u00e9cialiste Australie depuis 2010 !<\/p>\n<p>Le Programme Aussie Specialist est d\u00e9di\u00e9 aux agents de voyages pour les accompagner dans la vente de la destination Australie.<\/p>\n<p>C&rsquo;est une formation <strong>unique<\/strong> et <strong>compl\u00e8te<\/strong> pour certifier et identifier les experts de la destination Australie dans le monde.<\/p>\n\t\t\t\t\t\t\t\t<\/div>\n\t\t\t\t<\/div>\n\t\t\t\t<div class=\"elementor-element elementor-element-a526add elementor-widget__width-initial elementor-widget-mobile__width-inherit elementor-widget elementor-widget-image\" data-id=\"a526add\" data-element_type=\"widget\" data-e-type=\"widget\" data-widget_type=\"image.default\">\n\t\t\t\t<div class=\"elementor-widget-container\">\n\t\t\t\t\t\t\t\t\t\t\t\t\t\t\t<img loading=\"lazy\" decoding=\"async\" width=\"437\" height=\"437\" src=\"https:\/\/freepackers.com\/wp-content\/uploads\/2022\/10\/aussie.svg\" class=\"attachment-large size-large wp-image-1008\" alt=\"\" \/>\t\t\t\t\t\t\t\t\t\t\t\t\t\t\t<\/div>\n\t\t\t\t<\/div>\n\t\t\t\t<div class=\"elementor-element elementor-element-d0140b3 elementor-widget elementor-widget-heading\" data-id=\"d0140b3\" data-element_type=\"widget\" data-e-type=\"widget\" data-widget_type=\"heading.default\">\n\t\t\t\t<div class=\"elementor-widget-container\">\n\t\t\t\t\t<h2 class=\"elementor-heading-title elementor-size-medium\">Accr\u00e9dit\u00e9 par le Groupe International ICEF<\/h2>\t\t\t\t<\/div>\n\t\t\t\t<\/div>\n\t\t\t\t<div class=\"elementor-element elementor-element-0ddb716 elementor-widget__width-initial elementor-widget-mobile__width-inherit elementor-widget elementor-widget-text-editor\" data-id=\"0ddb716\" data-element_type=\"widget\" data-e-type=\"widget\" data-widget_type=\"text-editor.default\">\n\t\t\t\t<div class=\"elementor-widget-container\">\n\t\t\t\t\t\t\t\t\t<p>Nous sommes une organisation accr\u00e9dit\u00e9e par le Groupe International ICEF !<\/p>\n<p>ICEF est un organisme mondial qui se situe au c\u0153ur du secteur de l&rsquo;\u00e9ducation internationale.<\/p>\n<p><strong>Sa mission :<\/strong><\/p>\n<ul>\n<li>Connecter les professionnels \u00e0 r\u00e9seau international<\/li>\n<li>Leur donner acc\u00e8s aux connaissances et \u00e0 la formation<\/li>\n<li>Pour stimuler la croissance :\n<ul>\n<li>des institutions \u00e9ducatives<\/li>\n<li>des agents de recrutement d&rsquo;\u00e9tudiants<\/li>\n<li>des prestataires de services du secteur<\/li>\n<\/ul>\n<\/li>\n<\/ul>\n\t\t\t\t\t\t\t\t<\/div>\n\t\t\t\t<\/div>\n\t\t\t\t<div class=\"elementor-element elementor-element-0b3b3c4 elementor-widget__width-initial elementor-widget-mobile__width-inherit elementor-widget elementor-widget-image\" data-id=\"0b3b3c4\" data-element_type=\"widget\" data-e-type=\"widget\" data-widget_type=\"image.default\">\n\t\t\t\t<div class=\"elementor-widget-container\">\n\t\t\t\t\t\t\t\t\t\t\t\t\t\t\t<img loading=\"lazy\" decoding=\"async\" width=\"614\" height=\"614\" src=\"https:\/\/freepackers.com\/wp-content\/uploads\/2024\/04\/Logo-ICEF.webp\" class=\"attachment-large size-large wp-image-14112\" alt=\"\" srcset=\"https:\/\/freepackers.com\/wp-content\/uploads\/2024\/04\/Logo-ICEF.webp 614w, https:\/\/freepackers.com\/wp-content\/uploads\/2024\/04\/Logo-ICEF-300x300.webp 300w, https:\/\/freepackers.com\/wp-content\/uploads\/2024\/04\/Logo-ICEF-150x150.webp 150w\" sizes=\"(max-width: 614px) 100vw, 614px\" \/>\t\t\t\t\t\t\t\t\t\t\t\t\t\t\t<\/div>\n\t\t\t\t<\/div>\n\t\t\t\t<div class=\"elementor-element elementor-element-bef91a1 elementor-widget elementor-widget-heading\" data-id=\"bef91a1\" data-element_type=\"widget\" data-e-type=\"widget\" data-widget_type=\"heading.default\">\n\t\t\t\t<div class=\"elementor-widget-container\">\n\t\t\t\t\t<h2 class=\"elementor-heading-title elementor-size-medium\">Membre de l\u2019EAIE<\/h2>\t\t\t\t<\/div>\n\t\t\t\t<\/div>\n\t\t\t\t<div class=\"elementor-element elementor-element-c5ff2d9 elementor-widget__width-initial elementor-widget-mobile__width-inherit elementor-widget elementor-widget-text-editor\" data-id=\"c5ff2d9\" data-element_type=\"widget\" data-e-type=\"widget\" data-widget_type=\"text-editor.default\">\n\t\t\t\t<div class=\"elementor-widget-container\">\n\t\t\t\t\t\t\t\t\t<p>En 2022, nous sommes devenus membre de l\u2019EAIE, le Centre europ\u00e9en d&rsquo;expertise, de mise en r\u00e9seau et de ressources pour <strong>l&rsquo;internationalisation de l&rsquo;enseignement sup\u00e9rieur.<\/strong><\/p>\n<p>EAIE favorise un \u00e9cosyst\u00e8me o\u00f9 les id\u00e9es nouvelles et les meilleures pratiques peuvent fleurir et fa\u00e7onner le domaine de l&rsquo;internationalisation.<\/p>\n<p>Il s&rsquo;agit d&rsquo;une plateforme d&rsquo;apprentissage, de mise en r\u00e9seau et d&rsquo;\u00e9change de connaissances. Ils fournissent aux professionnels de l&rsquo;\u00e9ducation :<\/p>\n<ul>\n<li>Des meilleures pratiques et des solutions<\/li>\n<li>Une plateforme d&rsquo;\u00e9change strat\u00e9gique<\/li>\n<li>Gr\u00e2ce \u00e0 des partenariats avec des organisations et institutions cl\u00e9s afin de faire progresser l&rsquo;enseignement sup\u00e9rieur international.<\/li>\n<\/ul>\n\t\t\t\t\t\t\t\t<\/div>\n\t\t\t\t<\/div>\n\t\t\t\t<div class=\"elementor-element elementor-element-26c1840 elementor-widget__width-initial elementor-widget-mobile__width-inherit elementor-widget elementor-widget-image\" data-id=\"26c1840\" data-element_type=\"widget\" data-e-type=\"widget\" data-widget_type=\"image.default\">\n\t\t\t\t<div class=\"elementor-widget-container\">\n\t\t\t\t\t\t\t\t\t\t\t\t\t\t\t<img loading=\"lazy\" decoding=\"async\" width=\"218\" height=\"94\" src=\"https:\/\/freepackers.com\/wp-content\/uploads\/2022\/11\/EAIE.png\" class=\"attachment-large size-large wp-image-1745\" alt=\"\" \/>\t\t\t\t\t\t\t\t\t\t\t\t\t\t\t<\/div>\n\t\t\t\t<\/div>\n\t\t\t\t<div class=\"elementor-element elementor-element-e698d87 elementor-widget elementor-widget-heading\" data-id=\"e698d87\" data-element_type=\"widget\" data-e-type=\"widget\" data-widget_type=\"heading.default\">\n\t\t\t\t<div class=\"elementor-widget-container\">\n\t\t\t\t\t<h2 class=\"elementor-heading-title elementor-size-medium\">Membre du r\u00e9seau Travel4Impact Network<\/h2>\t\t\t\t<\/div>\n\t\t\t\t<\/div>\n\t\t\t\t<div class=\"elementor-element elementor-element-8114113 elementor-widget__width-initial elementor-widget-mobile__width-inherit elementor-widget elementor-widget-text-editor\" data-id=\"8114113\" data-element_type=\"widget\" data-e-type=\"widget\" data-widget_type=\"text-editor.default\">\n\t\t\t\t<div class=\"elementor-widget-container\">\n\t\t\t\t\t\t\t\t\t<p>En 2022, nous avons \u00e9galement rejoint le Travel4Impact Network, un r\u00e9seau d&rsquo;innovation sociale lanc\u00e9 par Amadeus et l&rsquo;universit\u00e9 IE.<\/p>\n<p>Le r\u00e9seau aide les PME de la mobilit\u00e9 internationale \u00e0 prosp\u00e9rer et \u00e0 amplifier leur impact positif, en les aidant \u00e0 d\u00e9velopper leurs strat\u00e9gies num\u00e9riques, l&rsquo;impact social de leur proposition de valeur et la durabilit\u00e9 de leur entreprise.<\/p>\n<p>En savoir plus sur le programme : <strong><a href=\"https:\/\/corporate.amadeus.com\/en\/sustainability\/social-responsibility\/travel4impact-network\" target=\"_blank\" rel=\"noopener noreferrer nofollow\">Amadeus Travel4Impact<\/a><\/strong><\/p>\n\t\t\t\t\t\t\t\t<\/div>\n\t\t\t\t<\/div>\n\t\t\t\t<div class=\"elementor-element elementor-element-c2ced20 elementor-widget__width-initial elementor-widget-mobile__width-inherit elementor-widget elementor-widget-image\" data-id=\"c2ced20\" data-element_type=\"widget\" data-e-type=\"widget\" data-widget_type=\"image.default\">\n\t\t\t\t<div class=\"elementor-widget-container\">\n\t\t\t\t\t\t\t\t\t\t\t\t\t\t\t<img loading=\"lazy\" decoding=\"async\" width=\"551\" height=\"566\" src=\"https:\/\/freepackers.com\/wp-content\/uploads\/2025\/06\/T4I-Badge-2edition_COLOR-transp.webp\" class=\"attachment-large size-large wp-image-19241\" alt=\"\" srcset=\"https:\/\/freepackers.com\/wp-content\/uploads\/2025\/06\/T4I-Badge-2edition_COLOR-transp.webp 551w, https:\/\/freepackers.com\/wp-content\/uploads\/2025\/06\/T4I-Badge-2edition_COLOR-transp-292x300.webp 292w\" sizes=\"(max-width: 551px) 100vw, 551px\" \/>\t\t\t\t\t\t\t\t\t\t\t\t\t\t\t<\/div>\n\t\t\t\t<\/div>\n\t\t\t\t\t<\/div>\n\t\t<\/div>\n\t\t\t\t\t<\/div>\n\t\t<\/section>\n\t\t\t\t<\/div>\n\t\t","protected":false},"excerpt":{"rendered":"<p>Accueil<\/p>\n","protected":false},"author":1,"featured_media":1026,"parent":0,"menu_order":0,"comment_status":"closed","ping_status":"closed","template":"","meta":{"_jet_sm_ready_style":"","_jet_sm_style":"","_jet_sm_controls_values":"","_jet_sm_fonts_collection":"","_jet_sm_fonts_links":"","public_cible":[],"niveau_de_langue":0,"thematique":[],"sous_categorie":[],"continent":[],"pays":[],"ville":0,"_pro-age-minimum":"","footnotes":""},"no_display_niveau-de-langue":[],"no_display_sous-categorie":[],"no_display_pays":[],"no_display_villes":[],"no_display_public-cible":[],"no_display_continent":[],"type-de-page":[38],"class_list":["post-307","page","type-page","status-publish","has-post-thumbnail","hentry","referencer-la-page-dans-la-barre-oui","type-de-page-single-page"],"_links":{"self":[{"href":"https:\/\/freepackers.com\/fr\/wp-json\/wp\/v2\/pages\/307","targetHints":{"allow":["GET"]}}],"collection":[{"href":"https:\/\/freepackers.com\/fr\/wp-json\/wp\/v2\/pages"}],"about":[{"href":"https:\/\/freepackers.com\/fr\/wp-json\/wp\/v2\/types\/page"}],"author":[{"embeddable":true,"href":"https:\/\/freepackers.com\/fr\/wp-json\/wp\/v2\/users\/1"}],"replies":[{"embeddable":true,"href":"https:\/\/freepackers.com\/fr\/wp-json\/wp\/v2\/comments?post=307"}],"version-history":[{"count":2,"href":"https:\/\/freepackers.com\/fr\/wp-json\/wp\/v2\/pages\/307\/revisions"}],"predecessor-version":[{"id":20662,"href":"https:\/\/freepackers.com\/fr\/wp-json\/wp\/v2\/pages\/307\/revisions\/20662"}],"wp:featuredmedia":[{"embeddable":true,"href":"https:\/\/freepackers.com\/fr\/wp-json\/wp\/v2\/media\/1026"}],"wp:attachment":[{"href":"https:\/\/freepackers.com\/fr\/wp-json\/wp\/v2\/media?parent=307"}],"wp:term":[{"taxonomy":"no_display_niveau-de-langue","embeddable":true,"href":"https:\/\/freepackers.com\/fr\/wp-json\/wp\/v2\/no_display_niveau-de-langue?post=307"},{"taxonomy":"no_display_sous-categorie","embeddable":true,"href":"https:\/\/freepackers.com\/fr\/wp-json\/wp\/v2\/no_display_sous-categorie?post=307"},{"taxonomy":"no_display_pays","embeddable":true,"href":"https:\/\/freepackers.com\/fr\/wp-json\/wp\/v2\/no_display_pays?post=307"},{"taxonomy":"no_display_villes","embeddable":true,"href":"https:\/\/freepackers.com\/fr\/wp-json\/wp\/v2\/no_display_villes?post=307"},{"taxonomy":"no_display_public-cible","embeddable":true,"href":"https:\/\/freepackers.com\/fr\/wp-json\/wp\/v2\/no_display_public-cible?post=307"},{"taxonomy":"no_display_continent","embeddable":true,"href":"https:\/\/freepackers.com\/fr\/wp-json\/wp\/v2\/no_display_continent?post=307"},{"taxonomy":"type-de-page","embeddable":true,"href":"https:\/\/freepackers.com\/fr\/wp-json\/wp\/v2\/type-de-page?post=307"}],"curies":[{"name":"wp","href":"https:\/\/api.w.org\/{rel}","templated":true}]}}