{"id":16202,"date":"2024-11-11T11:12:03","date_gmt":"2024-11-11T10:12:03","guid":{"rendered":"https:\/\/freepackers.com\/?page_id=16202"},"modified":"2025-08-29T15:36:30","modified_gmt":"2025-08-29T14:36:30","slug":"freepackers-une-equipe-impliquee-dans-le-developpement-des-projets","status":"publish","type":"page","link":"https:\/\/freepackers.com\/fr\/freepackers-une-equipe-impliquee-dans-le-developpement-des-projets\/","title":{"rendered":"S\u00e9lection des projets"},"content":{"rendered":"\t\t<div data-elementor-type=\"wp-page\" data-elementor-id=\"16202\" class=\"elementor elementor-16202\" data-elementor-post-type=\"page\">\n\t\t\t\t<div class=\"elementor-element elementor-element-1d43280 e-con-full e-flex e-con e-parent\" data-id=\"1d43280\" data-element_type=\"container\" data-e-type=\"container\" data-settings=\"{&quot;jet_parallax_layout_list&quot;:[],&quot;background_background&quot;:&quot;classic&quot;}\">\n\t\t<div class=\"elementor-element elementor-element-38b5283 e-con-full e-flex e-con e-child\" data-id=\"38b5283\" data-element_type=\"container\" data-e-type=\"container\" data-settings=\"{&quot;jet_parallax_layout_list&quot;:[]}\">\n\t\t\t\t<div class=\"elementor-element elementor-element-ccf3cbd elementor-widget elementor-widget-heading\" data-id=\"ccf3cbd\" data-element_type=\"widget\" data-e-type=\"widget\" data-widget_type=\"heading.default\">\n\t\t\t\t<div class=\"elementor-widget-container\">\n\t\t\t\t\t<h1 class=\"elementor-heading-title elementor-size-default\">S\u00e9lection des projets<\/h1>\t\t\t\t<\/div>\n\t\t\t\t<\/div>\n\t\t\t\t<\/div>\n\t\t\t\t<\/div>\n\t\t<div class=\"elementor-element elementor-element-7420ae0 e-flex e-con-boxed e-con e-parent\" data-id=\"7420ae0\" data-element_type=\"container\" data-e-type=\"container\" data-settings=\"{&quot;jet_parallax_layout_list&quot;:[]}\">\n\t\t\t\t\t<div class=\"e-con-inner\">\n\t\t<div class=\"elementor-element elementor-element-ec6ee84 e-con-full e-flex e-con e-child\" data-id=\"ec6ee84\" data-element_type=\"container\" data-e-type=\"container\" data-settings=\"{&quot;jet_parallax_layout_list&quot;:[]}\">\n\t\t\t\t<div class=\"elementor-element elementor-element-776affd elementor-widget elementor-widget-jet-breadcrumbs\" data-id=\"776affd\" data-element_type=\"widget\" data-e-type=\"widget\" data-widget_type=\"jet-breadcrumbs.default\">\n\t\t\t\t<div class=\"elementor-widget-container\">\n\t\t\t\t\t<div class=\"elementor-jet-breadcrumbs jet-blocks\">\n\t\t<div class=\"jet-breadcrumbs\">\n\t\t<div class=\"jet-breadcrumbs__content\">\n\t\t<div class=\"jet-breadcrumbs__wrap\"><div class=\"jet-breadcrumbs__item\"><a href=\"https:\/\/freepackers.com\/fr\/\" class=\"jet-breadcrumbs__item-link is-home\" rel=\"home\" title=\"Freepackers &amp; Planeta First \u2014 Voyages engag\u00e9s\">Freepackers &amp; Planeta First \u2014 Voyages engag\u00e9s<\/a><\/div>\n\t\t<\/div>\n\t\t<\/div>\n\t\t<\/div><\/div>\t\t\t\t<\/div>\n\t\t\t\t<\/div>\n\t\t\t\t<div class=\"elementor-element elementor-element-1e16d30 elementor-widget__width-inherit elementor-widget-mobile__width-inherit jedv-enabled--yes elementor-widget elementor-widget-text-editor\" data-id=\"1e16d30\" data-element_type=\"widget\" data-e-type=\"widget\" data-widget_type=\"text-editor.default\">\n\t\t\t\t<div class=\"elementor-widget-container\">\n\t\t\t\t\t\t\t\t\t<h2 style=\"text-align: center\">Notre implication dans le d\u00e9veloppement des projets<\/h2>\n<p>&nbsp;<\/p>\n<p><img fetchpriority=\"high\" decoding=\"async\" class=\"size-medium wp-image-16203 alignleft\" style=\"padding-right: 20px\" src=\"https:\/\/freepackers.com\/wp-content\/uploads\/2024\/11\/projets-retenus-1-300x200.webp\" alt=\"\" width=\"300\" height=\"200\" srcset=\"https:\/\/freepackers.com\/wp-content\/uploads\/2024\/11\/projets-retenus-1-300x200.webp 300w, https:\/\/freepackers.com\/wp-content\/uploads\/2024\/11\/projets-retenus-1-1024x683.webp 1024w, https:\/\/freepackers.com\/wp-content\/uploads\/2024\/11\/projets-retenus-1-768x512.webp 768w, https:\/\/freepackers.com\/wp-content\/uploads\/2024\/11\/projets-retenus-1-1536x1024.webp 1536w, https:\/\/freepackers.com\/wp-content\/uploads\/2024\/11\/projets-retenus-1.webp 1920w\" sizes=\"(max-width: 300px) 100vw, 300px\" \/>Comment choisissons-nous nos projets ? On vous donne nos <strong>crit\u00e8res de s\u00e9lection d\u2019un projet<\/strong> selon 2 objectifs :<\/p>\n<ul>\n<li>un impact\u00a0<strong>b\u00e9n\u00e9fique<\/strong> pour les communaut\u00e9s locales.<\/li>\n<li>un acc\u00e9s \u00e0 des missions <strong>fiables<\/strong>, <strong>s\u00e9curis\u00e9es<\/strong> et <strong>\u00e9thiques<\/strong><\/li>\n<\/ul>\n<p>&nbsp;<\/p>\n<p>S\u2019engager dans un projet de volontariat est une d\u00e9marche importante, et il est essentiel que vous compreniez les crit\u00e8res sur lesquels repose notre s\u00e9lection pour partir en mission avec nous <strong>en toute confiance<\/strong>.<\/p>\n<p>Cet article d\u00e9taille les \u00e9tapes du processus de s\u00e9lection, les crit\u00e8res qui encadrent nos choix, notre charte et les engagements qui font la force de notre collaboration avec les ONG locales.<\/p>\n\t\t\t\t\t\t\t\t<\/div>\n\t\t\t\t<\/div>\n\t\t\t\t<div class=\"elementor-element elementor-element-393b8a6 elementor-widget elementor-widget-n-accordion\" data-id=\"393b8a6\" data-element_type=\"widget\" data-e-type=\"widget\" data-settings=\"{&quot;default_state&quot;:&quot;all_collapsed&quot;,&quot;max_items_expended&quot;:&quot;one&quot;,&quot;n_accordion_animation_duration&quot;:{&quot;unit&quot;:&quot;ms&quot;,&quot;size&quot;:400,&quot;sizes&quot;:[]}}\" data-widget_type=\"nested-accordion.default\">\n\t\t\t\t<div class=\"elementor-widget-container\">\n\t\t\t\t\t\t\t<div class=\"e-n-accordion\" aria-label=\"Accordion. Open links with Enter or Space, close with Escape, and navigate with Arrow Keys\">\n\t\t\t\t\t\t<details id=\"e-n-accordion-item-6000\" class=\"e-n-accordion-item\" >\n\t\t\t\t<summary class=\"e-n-accordion-item-title\" data-accordion-index=\"1\" tabindex=\"0\" aria-expanded=\"false\" aria-controls=\"e-n-accordion-item-6000\" >\n\t\t\t\t\t<span class='e-n-accordion-item-title-header'><div class=\"e-n-accordion-item-title-text\"> La charte Freepackers <\/div><\/span>\n\t\t\t\t\t\t\t<span class='e-n-accordion-item-title-icon'>\n\t\t\t<span class='e-opened' ><i aria-hidden=\"true\" class=\"fas fa-chevron-up\"><\/i><\/span>\n\t\t\t<span class='e-closed'><i aria-hidden=\"true\" class=\"fas fa-chevron-down\"><\/i><\/span>\n\t\t<\/span>\n\n\t\t\t\t\t\t<\/summary>\n\t\t\t\t<div role=\"region\" aria-labelledby=\"e-n-accordion-item-6000\" class=\"elementor-element elementor-element-b2b95c9 e-con-full e-flex e-con e-child\" data-id=\"b2b95c9\" data-element_type=\"container\" data-e-type=\"container\" data-settings=\"{&quot;jet_parallax_layout_list&quot;:[]}\">\n\t\t\t\t<div class=\"elementor-element elementor-element-251b9c1 elementor-widget__width-inherit elementor-widget-mobile__width-inherit jedv-enabled--yes elementor-widget elementor-widget-text-editor\" data-id=\"251b9c1\" data-element_type=\"widget\" data-e-type=\"widget\" data-widget_type=\"text-editor.default\">\n\t\t\t\t<div class=\"elementor-widget-container\">\n\t\t\t\t\t\t\t\t\t<h2 style=\"text-align: center\">La charte Freepackers<\/h2>\n<p>Freepackers s\u2019engage aupr\u00e8s de ses participants \u00e0 la bonne \u00e9thique et aux bonnes valeurs port\u00e9es aussi bien par l\u2019\u00e9quipe que par les projets locaux. Voici nos engagements !<\/p>\n<p>&nbsp;<\/p>\n<p><img decoding=\"async\" class=\"size-medium wp-image-1368 alignright\" src=\"https:\/\/freepackers.com\/wp-content\/uploads\/2022\/10\/visites-300x200.jpg\" alt=\"\" width=\"300\" height=\"200\" srcset=\"https:\/\/freepackers.com\/wp-content\/uploads\/2022\/10\/visites-300x200.jpg 300w, https:\/\/freepackers.com\/wp-content\/uploads\/2022\/10\/visites-1024x683.jpg 1024w, https:\/\/freepackers.com\/wp-content\/uploads\/2022\/10\/visites-768x512.jpg 768w, https:\/\/freepackers.com\/wp-content\/uploads\/2022\/10\/visites-1536x1024.jpg 1536w, https:\/\/freepackers.com\/wp-content\/uploads\/2022\/10\/visites.jpg 1920w\" sizes=\"(max-width: 300px) 100vw, 300px\" \/><\/p>\n<h3>Des projets visit\u00e9s et des structures partenaires v\u00e9rifi\u00e9es<\/h3>\n<p>Nous nous sommes rendus sur les projets pour \u00eatre certains de leur \u00e9thique, de l\u2019encadrement et des valeurs transmises par la structure d\u2019accueil.<\/p>\n<p>En contact chaque semaine avec nos ONG partenaires, nous assurerons du bon d\u00e9roulement des missions.<\/p>\n<p>Nous connaissons les projets et les ONG personnellement. Freepackers se pr\u00e9sente en tant qu\u2019expert, pour la connaissance approfondie des missions propos\u00e9es.<\/p>\n<p>&nbsp;<\/p>\n<h3>Des projets \u00e9thiques qui contribuent au d\u00e9veloppement durable<\/h3>\n<p>Nous assurer de l\u2019\u00e9thique des projets, c\u2019est nous assurer qu\u2019ils contribuent au d\u00e9veloppement durable. Mais qu\u2019est-ce que le d\u00e9veloppement durable ?<\/p>\n<p>Concr\u00e8tement, c\u2019est le fait de r\u00e9pondre aux besoins de la soci\u00e9t\u00e9 actuelle sans compromettre la capacit\u00e9 des g\u00e9n\u00e9rations futures \u00e0 r\u00e9pondre aux leurs.<\/p>\n<p>Nos missions s\u2019int\u00e8grent dans un ou plusieurs de ces domaines pour assurer un impact durable : <strong>social<\/strong>, <strong>\u00e9conomique<\/strong> et <strong>\u00e9cologique.<\/strong><\/p>\n<p>&nbsp;<\/p>\n<p>Nos diff\u00e9rentes cat\u00e9gories de projets :<\/p>\n<p><img decoding=\"async\" class=\"size-medium wp-image-1362 alignleft\" src=\"https:\/\/freepackers.com\/wp-content\/uploads\/2022\/10\/dvpt-durable-200x300.jpg\" alt=\"\" width=\"200\" height=\"300\" srcset=\"https:\/\/freepackers.com\/wp-content\/uploads\/2022\/10\/dvpt-durable-200x300.jpg 200w, https:\/\/freepackers.com\/wp-content\/uploads\/2022\/10\/dvpt-durable-684x1024.jpg 684w, https:\/\/freepackers.com\/wp-content\/uploads\/2022\/10\/dvpt-durable-768x1150.jpg 768w, https:\/\/freepackers.com\/wp-content\/uploads\/2022\/10\/dvpt-durable-1025x1536.jpg 1025w, https:\/\/freepackers.com\/wp-content\/uploads\/2022\/10\/dvpt-durable-1367x2048.jpg 1367w, https:\/\/freepackers.com\/wp-content\/uploads\/2022\/10\/dvpt-durable-scaled.jpg 1709w\" sizes=\"(max-width: 200px) 100vw, 200px\" \/><\/p>\n<p>&nbsp;<\/p>\n<ul>\n<li><strong>Humanitaires<\/strong> : offrir de meilleures opportunit\u00e9s futures aux communaut\u00e9s locales.<\/li>\n<\/ul>\n<p>&nbsp;<\/p>\n<ul>\n<li><strong>Environnementaux<\/strong> : contribuer \u00e0 la conservation des \u00e9cosyst\u00e8mes.<\/li>\n<\/ul>\n<p>&nbsp;<\/p>\n<ul>\n<li><strong>Animaliers<\/strong> : agir pour la protection des esp\u00e8ces.<\/li>\n<\/ul>\n<p>&nbsp;<\/p>\n<p>Nous participons \u00e0 la r\u00e9alisation des Objectifs de D\u00e9veloppement Durable fix\u00e9s par les Nations Unies en 2015.<\/p>\n<p>Par exemple, nos projets humanitaires aupr\u00e8s des communaut\u00e9s contribuent \u00e0 fournir \u00ab une \u00e9ducation de qualit\u00e9 pour tous \u00bb, objectif num\u00e9ro 4.<\/p>\n<h3><\/h3>\n<p>&nbsp;<\/p>\n<h3>Placement des volontaires suivant les besoins du projet<\/h3>\n<p>Freepackers est un organisme interm\u00e9diaire. Nous faisons le lien entre les structures locales et les volontaires.<\/p>\n<ol>\n<li><img loading=\"lazy\" decoding=\"async\" class=\"size-medium wp-image-1364 alignright\" src=\"https:\/\/freepackers.com\/wp-content\/uploads\/2022\/10\/placement-300x199.jpg\" alt=\"\" width=\"300\" height=\"199\" srcset=\"https:\/\/freepackers.com\/wp-content\/uploads\/2022\/10\/placement-300x199.jpg 300w, https:\/\/freepackers.com\/wp-content\/uploads\/2022\/10\/placement-1024x680.jpg 1024w, https:\/\/freepackers.com\/wp-content\/uploads\/2022\/10\/placement-768x510.jpg 768w, https:\/\/freepackers.com\/wp-content\/uploads\/2022\/10\/placement-1536x1020.jpg 1536w, https:\/\/freepackers.com\/wp-content\/uploads\/2022\/10\/placement.jpg 1920w\" sizes=\"(max-width: 300px) 100vw, 300px\" \/>Appel pour prendre en compte vos attentes<\/li>\n<li>Recherche des projets adapt\u00e9s pour vous<\/li>\n<li>Liens entre votre profil et les besoins locaux<\/li>\n<li>Dossier d\u2019inscription (CV et lettre de motivation)<\/li>\n<li>Vous \u00eates pr\u00eat \u00e0 partir !<\/li>\n<\/ol>\n<p>&nbsp;<\/p>\n<p>Nous alignons votre profil avec les besoins sur place. Notre connaissance du terrain permet de vous conseiller au mieux. Depuis 2014, nous vous accompagnons et chaque retour d\u2019exp\u00e9rience nous a permis de nous perfectionner.<\/p>\n<p>&nbsp;<\/p>\n<p>Le placement d\u00e9pend donc :<\/p>\n<ul>\n<li>De vos envies<\/li>\n<li>De votre profil<\/li>\n<li>D&rsquo;un entretien t\u00e9l\u00e9phonique et d&rsquo;un dossier d\u2019inscription (CV et lettre de motivation) pour certains projets : enseignements, communautaires, etc.<\/li>\n<\/ul>\n\t\t\t\t\t\t\t\t<\/div>\n\t\t\t\t<\/div>\n\t\t\t\t<\/div>\n\t\t\t\t\t<\/details>\n\t\t\t\t\t\t<details id=\"e-n-accordion-item-6001\" class=\"e-n-accordion-item\" >\n\t\t\t\t<summary class=\"e-n-accordion-item-title\" data-accordion-index=\"2\" tabindex=\"-1\" aria-expanded=\"false\" aria-controls=\"e-n-accordion-item-6001\" >\n\t\t\t\t\t<span class='e-n-accordion-item-title-header'><div class=\"e-n-accordion-item-title-text\"> Un suivi complet pour vous accompagner tout au long du projet <\/div><\/span>\n\t\t\t\t\t\t\t<span class='e-n-accordion-item-title-icon'>\n\t\t\t<span class='e-opened' ><i aria-hidden=\"true\" class=\"fas fa-chevron-up\"><\/i><\/span>\n\t\t\t<span class='e-closed'><i aria-hidden=\"true\" class=\"fas fa-chevron-down\"><\/i><\/span>\n\t\t<\/span>\n\n\t\t\t\t\t\t<\/summary>\n\t\t\t\t<div role=\"region\" aria-labelledby=\"e-n-accordion-item-6001\" class=\"elementor-element elementor-element-304064e e-con-full e-flex e-con e-child\" data-id=\"304064e\" data-element_type=\"container\" data-e-type=\"container\" data-settings=\"{&quot;jet_parallax_layout_list&quot;:[]}\">\n\t\t\t\t<div class=\"elementor-element elementor-element-f8a272c elementor-widget__width-inherit elementor-widget-mobile__width-inherit jedv-enabled--yes elementor-widget elementor-widget-text-editor\" data-id=\"f8a272c\" data-element_type=\"widget\" data-e-type=\"widget\" data-widget_type=\"text-editor.default\">\n\t\t\t\t<div class=\"elementor-widget-container\">\n\t\t\t\t\t\t\t\t\t<h2>Un suivi complet tout au long du projet<\/h2>\n<p>Nous assurons un suivi r\u00e9gulier <strong>avant<\/strong>, <strong>pendant<\/strong> et au <strong>retour<\/strong> de la mission pour le bon d\u00e9roulement du projet.<\/p>\n<p>&nbsp;<\/p>\n<p><strong><img loading=\"lazy\" decoding=\"async\" class=\"alignright wp-image-1366\" src=\"https:\/\/freepackers.com\/wp-content\/uploads\/2022\/10\/suivi-300x200.jpg\" alt=\"\" width=\"350\" height=\"233\" srcset=\"https:\/\/freepackers.com\/wp-content\/uploads\/2022\/10\/suivi-300x200.jpg 300w, https:\/\/freepackers.com\/wp-content\/uploads\/2022\/10\/suivi-1024x683.jpg 1024w, https:\/\/freepackers.com\/wp-content\/uploads\/2022\/10\/suivi-768x512.jpg 768w, https:\/\/freepackers.com\/wp-content\/uploads\/2022\/10\/suivi-1536x1024.jpg 1536w, https:\/\/freepackers.com\/wp-content\/uploads\/2022\/10\/suivi.jpg 1920w\" sizes=\"(max-width: 350px) 100vw, 350px\" \/>Avant<\/strong><\/p>\n<ul>\n<li>On vous aide \u00e0 choisir le programme adapt\u00e9<\/li>\n<li>Envoi des documents d&rsquo;inscription \u00e0 l&rsquo;ONG partenaire<\/li>\n<li>On r\u00e9pond \u00e0 vos questions par mail, WhatsApp et par t\u00e9l\u00e9phone<\/li>\n<\/ul>\n<p>&nbsp;<\/p>\n<p>Nous sommes le plus transparent possible quant \u00e0 l\u2019exp\u00e9rience sur place, pour que les volontaires sachent \u00e0 quoi s\u2019attendre !<\/p>\n<p>&nbsp;<\/p>\n<p><strong>Pendant<\/strong><\/p>\n<ul>\n<li>La structure d&rsquo;accueil prend le relais<\/li>\n<li>Nous restons joignables et demandons r\u00e9guli\u00e8rement des nouvelles de nos volontaires sur place<\/li>\n<\/ul>\n<p>&nbsp;<\/p>\n<p><strong>Apr\u00e8s<\/strong><\/p>\n<ul>\n<li>Transmettez-nous votre retour d&rsquo;exp\u00e9rience, gr\u00e2ce \u00e0 vous nous am\u00e9liorons notre processus et notre expertise !<\/li>\n<\/ul>\n<p>&nbsp;<\/p>\n<h2>Des crit\u00e8res de s\u00e9lection au service du terrain<\/h2>\n<p>Chez Freepackers, le principal crit\u00e8re de s\u00e9lection de nos projets repose sur leur <strong>utilit\u00e9 concr\u00e8te pour les communaut\u00e9s locales.<\/strong> Les projets r\u00e9pondent aux besoins du terrain, que ce soit humanitaire, environnemental ou pour la protection animale.<\/p>\n<p>Notre \u00e9quipe se rend r\u00e9guli\u00e8rement sur place et \u00e9value la situation en collaboration avec les ONG pr\u00e9sentes sur place. Ces visites permettent de renforcer nos collaborations et d\u2019adapter constamment nos crit\u00e8res pour qu\u2019ils r\u00e9pondent aux attentes et aux besoins des populations et aux \u00e9cosyst\u00e8mes concern\u00e9s.<\/p>\n<p>&nbsp;<\/p>\n<p>Cette s\u00e9lection rigoureuse des projets a des avantages pour :<\/p>\n<ul>\n<li><strong>Les \u00e9tudiants :<\/strong> participez \u00e0 des missions \u00e0 impact positif tout en b\u00e9n\u00e9ficiant d\u2019une exp\u00e9rience enrichissante. Freepackers est aussi tr\u00e8s bien int\u00e9gr\u00e9 dans le tissu \u00e9ducatif fran\u00e7ais et international. Nos projets sont con\u00e7us pour compl\u00e9ter votre parcours \u00e9tudiant :\n<ul>\n<li>Stage<\/li>\n<li>Immersion<\/li>\n<li>Travail<\/li>\n<li>\u00c9tude<\/li>\n<\/ul>\n<\/li>\n<\/ul>\n<p>&nbsp;<\/p>\n<ul>\n<li><strong>Les ONG locales :<\/strong> elles re\u00e7oivent un appui pertinent, fiable et adapt\u00e9, ce qui les aide \u00e0 avancer sur leurs objectifs. Une relation de confiance permet de co-construire les projets avec les ONG sur le terrain, qui grandissent au fil du temps.<\/li>\n<\/ul>\n<p>&nbsp;<\/p>\n<ul>\n<li><strong>Freepackers :<\/strong> cela nous permet de construire des collaborations durables et de proposer des exp\u00e9riences de volontariat qui correspondent aux aspirations de nos participants et aux r\u00e9alit\u00e9s du terrain.<\/li>\n<\/ul>\n<p>&nbsp;<\/p>\n<h2>Faire grandir nos projets avec les ONG locales<\/h2>\n<h4><\/h4>\n<h3>La co-construction<img loading=\"lazy\" decoding=\"async\" class=\"size-medium wp-image-16209 alignright\" src=\"https:\/\/freepackers.com\/wp-content\/uploads\/2024\/11\/projets-retenus-2-300x200.webp\" alt=\"\" width=\"300\" height=\"200\" srcset=\"https:\/\/freepackers.com\/wp-content\/uploads\/2024\/11\/projets-retenus-2-300x200.webp 300w, https:\/\/freepackers.com\/wp-content\/uploads\/2024\/11\/projets-retenus-2-1024x683.webp 1024w, https:\/\/freepackers.com\/wp-content\/uploads\/2024\/11\/projets-retenus-2-768x512.webp 768w, https:\/\/freepackers.com\/wp-content\/uploads\/2024\/11\/projets-retenus-2-1536x1024.webp 1536w, https:\/\/freepackers.com\/wp-content\/uploads\/2024\/11\/projets-retenus-2.webp 1920w\" sizes=\"(max-width: 300px) 100vw, 300px\" \/><\/h3>\n<p>Freepackers choisit ses projets en privil\u00e9giant ceux qui permettent une r\u00e9elle collaboration avec les ONG locales. Nous nous assurons que chaque projet puisse <strong>\u00e9voluer et grandir avec les ONG pr\u00e9sentes sur le terrain<\/strong>.<\/p>\n<p>De cette fa\u00e7on, nous garantissons des missions <strong>p\u00e9rennes<\/strong>, <strong>utiles<\/strong> et <strong>align\u00e9es<\/strong> avec les besoins des communaut\u00e9s.<\/p>\n<p>Les projets que nous proposons sont le r\u00e9sultat de nos nombreuses ann\u00e9es d\u2019exp\u00e9rience, renforc\u00e9es par les retours de nos volontaires.<\/p>\n<p>&nbsp;<\/p>\n<p>&nbsp;<\/p>\n<h3>Un r\u00f4le d\u2019analyse au service de projets concrets<\/h3>\n<p>L\u2019\u00e9quipe de Freepackers prend soin <strong>d\u2019identifier, aux c\u00f4t\u00e9s des ONG, les besoins<\/strong> sp\u00e9cifiques, les ressources disponibles, ainsi que les objectifs \u00e0 atteindre. Ce travail d\u2019analyse permet de s\u2019assurer que le projet s\u00e9lectionn\u00e9 a le potentiel de produire des r\u00e9sultats concrets et mesurables pour la communaut\u00e9.<\/p>\n<p>&nbsp;<\/p>\n<h4>Exemple d&rsquo;un projet en Argentine<\/h4>\n<p>Avec une ONG locale, Freepackers a contribu\u00e9 \u00e0 d\u00e9velopper dans la r\u00e9gion de C\u00f3rdoba un projet ambitieux :<\/p>\n<p><strong>Cr\u00e9er une maison ind\u00e9pendante pour soutenir l\u2019\u00e9mancipation des femmes !<\/strong><\/p>\n<p>Bien que d\u00e9j\u00e0 aid\u00e9 par <strong><em>Ing\u00e9nieurs Sans Fronti\u00e8res<\/em><\/strong>, une seule visite par semaine n&rsquo;\u00e9tait pas suffisante. L&rsquo;ONG \u00e9tait confront\u00e9e \u00e0 des d\u00e9fis logistiques et financiers, ne permettant pas au projet d&rsquo;\u00eatre fini en 2 ans.<\/p>\n<p>Notre \u00e9quipe a \u00e9valu\u00e9 le projet et, gr\u00e2ce \u00e0 notre r\u00e9seau d\u2019\u00e9tudiants en ing\u00e9nierie issus de diff\u00e9rentes \u00e9coles europ\u00e9ennes, nous avons r\u00e9ussi \u00e0 proposer une solution :<\/p>\n<ul>\n<li>Des \u00e9quipes plus fr\u00e9quentes<\/li>\n<li>Des ressources suppl\u00e9mentaires<\/li>\n<li>Un accompagnement accru (3 fois par semaine) de la part d\u2019ing\u00e9nieurs internationaux mobilis\u00e9s par Freepackers,<\/li>\n<\/ul>\n<p>&nbsp;<\/p>\n<p>Le projet a pu avancer plus <strong>rapidement<\/strong>, plus <strong>facilement<\/strong> et avec un <strong>impact d\u00e9multipli\u00e9 !<\/strong><\/p>\n<p>&nbsp;<\/p>\n<h2>Conclusion<\/h2>\n<p>Par cette s\u00e9lection pr\u00e9cise, Freepackers assure des programmes porteurs de sens, utiles et durables.<\/p>\n<p><strong>Nous esp\u00e9rons que cet aper\u00e7u de notre processus de s\u00e9lection des projets vous a rassur\u00e9s, inspir\u00e9s et vous a donn\u00e9 envie de vous engager avec nous\u00a0!<\/strong><\/p>\n\t\t\t\t\t\t\t\t<\/div>\n\t\t\t\t<\/div>\n\t\t\t\t<\/div>\n\t\t\t\t\t<\/details>\n\t\t\t\t\t<\/div>\n\t\t\t\t\t\t<\/div>\n\t\t\t\t<\/div>\n\t\t\t\t<\/div>\n\t\t\t\t\t<\/div>\n\t\t\t\t<\/div>\n\t\t\t\t<\/div>\n\t\t","protected":false},"excerpt":{"rendered":"<p>Accueil Code Snippets<\/p>\n","protected":false},"author":22,"featured_media":0,"parent":0,"menu_order":0,"comment_status":"closed","ping_status":"closed","template":"","meta":{"_jet_sm_ready_style":"","_jet_sm_style":"","_jet_sm_controls_values":"","_jet_sm_fonts_collection":"","_jet_sm_fonts_links":"","public_cible":[],"niveau_de_langue":0,"thematique":[],"sous_categorie":[],"continent":[],"pays":[],"ville":0,"_pro-age-minimum":"","footnotes":""},"no_display_niveau-de-langue":[],"no_display_sous-categorie":[],"no_display_pays":[],"no_display_villes":[],"no_display_public-cible":[],"no_display_continent":[],"type-de-page":[38],"class_list":["post-16202","page","type-page","status-publish","hentry","type-de-page-single-page"],"_links":{"self":[{"href":"https:\/\/freepackers.com\/fr\/wp-json\/wp\/v2\/pages\/16202","targetHints":{"allow":["GET"]}}],"collection":[{"href":"https:\/\/freepackers.com\/fr\/wp-json\/wp\/v2\/pages"}],"about":[{"href":"https:\/\/freepackers.com\/fr\/wp-json\/wp\/v2\/types\/page"}],"author":[{"embeddable":true,"href":"https:\/\/freepackers.com\/fr\/wp-json\/wp\/v2\/users\/22"}],"replies":[{"embeddable":true,"href":"https:\/\/freepackers.com\/fr\/wp-json\/wp\/v2\/comments?post=16202"}],"version-history":[{"count":4,"href":"https:\/\/freepackers.com\/fr\/wp-json\/wp\/v2\/pages\/16202\/revisions"}],"predecessor-version":[{"id":22523,"href":"https:\/\/freepackers.com\/fr\/wp-json\/wp\/v2\/pages\/16202\/revisions\/22523"}],"wp:attachment":[{"href":"https:\/\/freepackers.com\/fr\/wp-json\/wp\/v2\/media?parent=16202"}],"wp:term":[{"taxonomy":"no_display_niveau-de-langue","embeddable":true,"href":"https:\/\/freepackers.com\/fr\/wp-json\/wp\/v2\/no_display_niveau-de-langue?post=16202"},{"taxonomy":"no_display_sous-categorie","embeddable":true,"href":"https:\/\/freepackers.com\/fr\/wp-json\/wp\/v2\/no_display_sous-categorie?post=16202"},{"taxonomy":"no_display_pays","embeddable":true,"href":"https:\/\/freepackers.com\/fr\/wp-json\/wp\/v2\/no_display_pays?post=16202"},{"taxonomy":"no_display_villes","embeddable":true,"href":"https:\/\/freepackers.com\/fr\/wp-json\/wp\/v2\/no_display_villes?post=16202"},{"taxonomy":"no_display_public-cible","embeddable":true,"href":"https:\/\/freepackers.com\/fr\/wp-json\/wp\/v2\/no_display_public-cible?post=16202"},{"taxonomy":"no_display_continent","embeddable":true,"href":"https:\/\/freepackers.com\/fr\/wp-json\/wp\/v2\/no_display_continent?post=16202"},{"taxonomy":"type-de-page","embeddable":true,"href":"https:\/\/freepackers.com\/fr\/wp-json\/wp\/v2\/type-de-page?post=16202"}],"curies":[{"name":"wp","href":"https:\/\/api.w.org\/{rel}","templated":true}]}}