{"id":16149,"date":"2024-11-11T11:12:10","date_gmt":"2024-11-11T10:12:10","guid":{"rendered":"https:\/\/freepackers.com\/?page_id=16149"},"modified":"2025-11-20T09:06:33","modified_gmt":"2025-11-20T08:06:33","slug":"comment-se-deroule-la-selection-des-programmes-freepackers-pour-les-volontaires","status":"publish","type":"page","link":"https:\/\/freepackers.com\/fr\/comment-se-deroule-la-selection-des-programmes-freepackers-pour-les-volontaires\/","title":{"rendered":"S\u00e9lection des volontaires"},"content":{"rendered":"\t\t<div data-elementor-type=\"wp-page\" data-elementor-id=\"16149\" class=\"elementor elementor-16149\" data-elementor-post-type=\"page\">\n\t\t\t\t<div class=\"elementor-element elementor-element-747764c e-con-full e-flex e-con e-parent\" data-id=\"747764c\" data-element_type=\"container\" data-e-type=\"container\" data-settings=\"{&quot;jet_parallax_layout_list&quot;:[],&quot;background_background&quot;:&quot;classic&quot;}\">\n\t\t<div class=\"elementor-element elementor-element-bbaf72b e-con-full e-flex e-con e-child\" data-id=\"bbaf72b\" data-element_type=\"container\" data-e-type=\"container\" data-settings=\"{&quot;jet_parallax_layout_list&quot;:[]}\">\n\t\t\t\t<div class=\"elementor-element elementor-element-405ca31 elementor-widget elementor-widget-heading\" data-id=\"405ca31\" data-element_type=\"widget\" data-e-type=\"widget\" data-widget_type=\"heading.default\">\n\t\t\t\t<div class=\"elementor-widget-container\">\n\t\t\t\t\t<h1 class=\"elementor-heading-title elementor-size-default\">S\u00e9lection des volontaires<\/h1>\t\t\t\t<\/div>\n\t\t\t\t<\/div>\n\t\t\t\t<\/div>\n\t\t\t\t<\/div>\n\t\t<div class=\"elementor-element elementor-element-7d2e36d e-flex e-con-boxed e-con e-parent\" data-id=\"7d2e36d\" data-element_type=\"container\" data-e-type=\"container\" data-settings=\"{&quot;jet_parallax_layout_list&quot;:[]}\">\n\t\t\t\t\t<div class=\"e-con-inner\">\n\t\t<div class=\"elementor-element elementor-element-88c7f74 e-con-full e-flex e-con e-child\" data-id=\"88c7f74\" data-element_type=\"container\" data-e-type=\"container\" data-settings=\"{&quot;jet_parallax_layout_list&quot;:[]}\">\n\t\t\t\t<div class=\"elementor-element elementor-element-d745c24 elementor-widget elementor-widget-jet-breadcrumbs\" data-id=\"d745c24\" data-element_type=\"widget\" data-e-type=\"widget\" data-widget_type=\"jet-breadcrumbs.default\">\n\t\t\t\t<div class=\"elementor-widget-container\">\n\t\t\t\t\t<div class=\"elementor-jet-breadcrumbs jet-blocks\">\n\t\t<div class=\"jet-breadcrumbs\">\n\t\t<div class=\"jet-breadcrumbs__content\">\n\t\t<div class=\"jet-breadcrumbs__wrap\"><div class=\"jet-breadcrumbs__item\"><a href=\"https:\/\/freepackers.com\/fr\/\" class=\"jet-breadcrumbs__item-link is-home\" rel=\"home\" title=\"Freepackers &amp; Planeta First \u2014 Voyages engag\u00e9s\">Freepackers &amp; Planeta First \u2014 Voyages engag\u00e9s<\/a><\/div>\n\t\t<\/div>\n\t\t<\/div>\n\t\t<\/div><\/div>\t\t\t\t<\/div>\n\t\t\t\t<\/div>\n\t\t\t\t<div class=\"elementor-element elementor-element-11ff958 elementor-widget__width-inherit elementor-widget-mobile__width-inherit jedv-enabled--yes elementor-widget elementor-widget-text-editor\" data-id=\"11ff958\" data-element_type=\"widget\" data-e-type=\"widget\" data-widget_type=\"text-editor.default\">\n\t\t\t\t<div class=\"elementor-widget-container\">\n\t\t\t\t\t\t\t\t\t<h2 style=\"text-align: center\">Comment se d\u00e9roule la s\u00e9lection des programmes Freepackers pour les volontaires ?<\/h2>\n<p><img fetchpriority=\"high\" decoding=\"async\" class=\"size-medium wp-image-16180 alignleft\" src=\"https:\/\/freepackers.com\/wp-content\/uploads\/2024\/11\/selection-volontaires-1-1-300x200.webp\" alt=\"\" width=\"300\" height=\"200\" srcset=\"https:\/\/freepackers.com\/wp-content\/uploads\/2024\/11\/selection-volontaires-1-1-300x200.webp 300w, https:\/\/freepackers.com\/wp-content\/uploads\/2024\/11\/selection-volontaires-1-1-1024x683.webp 1024w, https:\/\/freepackers.com\/wp-content\/uploads\/2024\/11\/selection-volontaires-1-1-768x512.webp 768w, https:\/\/freepackers.com\/wp-content\/uploads\/2024\/11\/selection-volontaires-1-1-1536x1024.webp 1536w, https:\/\/freepackers.com\/wp-content\/uploads\/2024\/11\/selection-volontaires-1-1.webp 1920w\" sizes=\"(max-width: 300px) 100vw, 300px\" \/><\/p>\n<p>&nbsp;<\/p>\n<p>Chez Freepackers, nous accordons une importance toute particuli\u00e8re \u00e0 la transparence, c\u2019est pourquoi nous vous expliquons ici comment les programmes sont s\u00e9lectionn\u00e9s pour vous correspondre \u00e0 100 %. Chaque personne \u00e9tant unique, nos propositions le sont tout autant : nos programmes ne sont pas le fruit du hasard, mais reposent sur des crit\u00e8res bien pr\u00e9cis que nous vous d\u00e9taillons dans cet article.<\/p>\n\t\t\t\t\t\t\t\t<\/div>\n\t\t\t\t<\/div>\n\t\t\t\t<div class=\"elementor-element elementor-element-5eba2c2 elementor-widget elementor-widget-n-accordion\" data-id=\"5eba2c2\" data-element_type=\"widget\" data-e-type=\"widget\" data-settings=\"{&quot;default_state&quot;:&quot;all_collapsed&quot;,&quot;max_items_expended&quot;:&quot;one&quot;,&quot;n_accordion_animation_duration&quot;:{&quot;unit&quot;:&quot;ms&quot;,&quot;size&quot;:400,&quot;sizes&quot;:[]}}\" data-widget_type=\"nested-accordion.default\">\n\t\t\t\t<div class=\"elementor-widget-container\">\n\t\t\t\t\t\t\t<div class=\"e-n-accordion\" aria-label=\"Accordion. Open links with Enter or Space, close with Escape, and navigate with Arrow Keys\">\n\t\t\t\t\t\t<details id=\"e-n-accordion-item-9930\" class=\"e-n-accordion-item\" >\n\t\t\t\t<summary class=\"e-n-accordion-item-title\" data-accordion-index=\"1\" tabindex=\"0\" aria-expanded=\"false\" aria-controls=\"e-n-accordion-item-9930\" >\n\t\t\t\t\t<span class='e-n-accordion-item-title-header'><div class=\"e-n-accordion-item-title-text\"> Pourquoi une s\u00e9lection personnalis\u00e9e ? Les avantages de notre m\u00e9thode <\/div><\/span>\n\t\t\t\t\t\t\t<span class='e-n-accordion-item-title-icon'>\n\t\t\t<span class='e-opened' ><i aria-hidden=\"true\" class=\"fas fa-chevron-up\"><\/i><\/span>\n\t\t\t<span class='e-closed'><i aria-hidden=\"true\" class=\"fas fa-chevron-down\"><\/i><\/span>\n\t\t<\/span>\n\n\t\t\t\t\t\t<\/summary>\n\t\t\t\t<div role=\"region\" aria-labelledby=\"e-n-accordion-item-9930\" class=\"elementor-element elementor-element-a48000c e-con-full e-flex e-con e-child\" data-id=\"a48000c\" data-element_type=\"container\" data-e-type=\"container\" data-settings=\"{&quot;jet_parallax_layout_list&quot;:[]}\">\n\t\t\t\t<div class=\"elementor-element elementor-element-23b1c1b elementor-widget__width-inherit elementor-widget-mobile__width-inherit jedv-enabled--yes elementor-widget elementor-widget-text-editor\" data-id=\"23b1c1b\" data-element_type=\"widget\" data-e-type=\"widget\" data-widget_type=\"text-editor.default\">\n\t\t\t\t<div class=\"elementor-widget-container\">\n\t\t\t\t\t\t\t\t\t<p>Adapter la s\u00e9lection des programmes est un v\u00e9ritable parti pris. Nous avons con\u00e7u une approche de s\u00e9lection personnalis\u00e9e pour que chaque personne trouve l\u2019apprentissage qui lui convienne.<\/p>\n<p>&nbsp;<\/p>\n<p>Une s\u00e9lection personnalis\u00e9e pr\u00e9sente plusieurs avantages :<\/p>\n<ul>\n<li><strong>Allier envies et besoins<\/strong><\/li>\n<\/ul>\n<p>En vous orientant vers un projet adapt\u00e9, nous vous garantissons une exp\u00e9rience enrichissante et motivante.<\/p>\n<p>&nbsp;<\/p>\n<ul>\n<li><strong>Une satisfaction pour toutes les parties concern\u00e9es<\/strong><\/li>\n<\/ul>\n<p>Nous r\u00e9duisons ainsi les risques de d\u00e9ceptions, tant pour les ONG que pour les participants. L&rsquo;organisation accueille alors des volontaires motiv\u00e9s avec les bonnes comp\u00e9tences.<\/p>\n<p>&nbsp;<\/p>\n<ul>\n<li><strong>S\u2019engager pour une cause qui fait sens<\/strong><\/li>\n<\/ul>\n<p>Les programmes Freepackers contribuent tous activement \u00e0 des projets ayant un r\u00e9el impact. Vous participez \u00e0 un projet align\u00e9 avec vos valeurs et vos centres d\u2019int\u00e9r\u00eat : \u00e9cologie, d\u00e9veloppement social, d\u00e9fense des droits humains etc.<\/p>\n<p>&nbsp;<\/p>\n<p>Les r\u00e9sultats ? Des <strong>partenariats solides<\/strong> et une<strong> immersion r\u00e9ussie<\/strong> pour les volontaires !<\/p>\n<p>&nbsp;<\/p>\n<p>&nbsp;<\/p>\n\t\t\t\t\t\t\t\t<\/div>\n\t\t\t\t<\/div>\n\t\t\t\t<\/div>\n\t\t\t\t\t<\/details>\n\t\t\t\t\t\t<details id=\"e-n-accordion-item-9931\" class=\"e-n-accordion-item\" >\n\t\t\t\t<summary class=\"e-n-accordion-item-title\" data-accordion-index=\"2\" tabindex=\"-1\" aria-expanded=\"false\" aria-controls=\"e-n-accordion-item-9931\" >\n\t\t\t\t\t<span class='e-n-accordion-item-title-header'><div class=\"e-n-accordion-item-title-text\"> Des programmes adapt\u00e9s \u00e0 votre profil <\/div><\/span>\n\t\t\t\t\t\t\t<span class='e-n-accordion-item-title-icon'>\n\t\t\t<span class='e-opened' ><i aria-hidden=\"true\" class=\"fas fa-chevron-up\"><\/i><\/span>\n\t\t\t<span class='e-closed'><i aria-hidden=\"true\" class=\"fas fa-chevron-down\"><\/i><\/span>\n\t\t<\/span>\n\n\t\t\t\t\t\t<\/summary>\n\t\t\t\t<div role=\"region\" aria-labelledby=\"e-n-accordion-item-9931\" class=\"elementor-element elementor-element-bb961c7 e-con-full e-flex e-con e-child\" data-id=\"bb961c7\" data-element_type=\"container\" data-e-type=\"container\" data-settings=\"{&quot;jet_parallax_layout_list&quot;:[]}\">\n\t\t\t\t<div class=\"elementor-element elementor-element-3129615 elementor-widget__width-inherit elementor-widget-mobile__width-inherit jedv-enabled--yes elementor-widget elementor-widget-text-editor\" data-id=\"3129615\" data-element_type=\"widget\" data-e-type=\"widget\" data-widget_type=\"text-editor.default\">\n\t\t\t\t<div class=\"elementor-widget-container\">\n\t\t\t\t\t\t\t\t\t<p>Voici les crit\u00e8res pris en compte pour vous orienter vers le projet qui vous correspond vraiment, sur base d&rsquo;\u00e9changes approfondis avec nos volontaires.<\/p>\n<p>&nbsp;<\/p>\n<ul>\n<li><strong>Votre exp\u00e9rience et vos comp\u00e9tences<\/strong><\/li>\n<\/ul>\n<p>\u00c9tudes et dipl\u00f4mes comptent, mais le b\u00e9n\u00e9volat, le travail et projets personnels sont int\u00e9gr\u00e9s, chaque exp\u00e9rience est valoris\u00e9e.\u00a0 Vous partirez sur des missions o\u00f9 vous pourrez exploiter et d\u00e9velopper toutes vos comp\u00e9tences tout en ayant un r\u00e9el impact.<\/p>\n<p>&nbsp;<\/p>\n<ul>\n<li><strong>Vos valeurs et vos aspirations personnelles et professionnelles<\/strong><\/li>\n<\/ul>\n<p>Un appel \u00e0 lieu avec notre \u00e9quipe pour comprendre vos envies. Parlez-nous de votre motivation \u00e0 participer \u00e0 un projet animalier, environnemental ou communautaire !<\/p>\n<p>Deux \u00e9tudiants de la m\u00eame \u00e9cole peuvent ainsi \u00eatre orient\u00e9s vers des programmes diff\u00e9rents.<\/p>\n<p>Notre objectif est de faire en sorte que l&rsquo;exp\u00e9rience v\u00e9cue sur le terrain soit en coh\u00e9rence avec ce qui vous anime et vous inspire.<\/p>\n<p>&nbsp;<\/p>\n<p>&nbsp;<\/p>\n\t\t\t\t\t\t\t\t<\/div>\n\t\t\t\t<\/div>\n\t\t\t\t<\/div>\n\t\t\t\t\t<\/details>\n\t\t\t\t\t\t<details id=\"e-n-accordion-item-9932\" class=\"e-n-accordion-item\" >\n\t\t\t\t<summary class=\"e-n-accordion-item-title\" data-accordion-index=\"3\" tabindex=\"-1\" aria-expanded=\"false\" aria-controls=\"e-n-accordion-item-9932\" >\n\t\t\t\t\t<span class='e-n-accordion-item-title-header'><div class=\"e-n-accordion-item-title-text\"> Un projet \u00e9labor\u00e9 en co-construction <\/div><\/span>\n\t\t\t\t\t\t\t<span class='e-n-accordion-item-title-icon'>\n\t\t\t<span class='e-opened' ><i aria-hidden=\"true\" class=\"fas fa-chevron-up\"><\/i><\/span>\n\t\t\t<span class='e-closed'><i aria-hidden=\"true\" class=\"fas fa-chevron-down\"><\/i><\/span>\n\t\t<\/span>\n\n\t\t\t\t\t\t<\/summary>\n\t\t\t\t<div role=\"region\" aria-labelledby=\"e-n-accordion-item-9932\" class=\"elementor-element elementor-element-abb1e44 e-con-full e-flex e-con e-child\" data-id=\"abb1e44\" data-element_type=\"container\" data-e-type=\"container\" data-settings=\"{&quot;jet_parallax_layout_list&quot;:[]}\">\n\t\t\t\t<div class=\"elementor-element elementor-element-7b0685c elementor-widget__width-inherit elementor-widget-mobile__width-inherit jedv-enabled--yes elementor-widget elementor-widget-text-editor\" data-id=\"7b0685c\" data-element_type=\"widget\" data-e-type=\"widget\" data-widget_type=\"text-editor.default\">\n\t\t\t\t<div class=\"elementor-widget-container\">\n\t\t\t\t\t\t\t\t\t<p>Nos \u00e9quipes se rendent sur place pour r\u00e9aliser des audits, comprendre la r\u00e9alit\u00e9 du terrain et garantir l\u2019impact et la s\u00e9curit\u00e9 des missions propos\u00e9es. Cette s\u00e9lection des projets certifie une r\u00e9ponse \u00e0 un besoin r\u00e9el sur place.<\/p>\n<p>&nbsp;<\/p>\n<ul>\n<li><strong>Une co-construction avec nos partenaires<\/strong><\/li>\n<\/ul>\n<p>Nous assurons une collaboration \u00e9troite et durable avec nos partenaires locaux. Les missions r\u00e9pondent d&rsquo;abord aux besoins des communaut\u00e9s locales, puis aussi aux attentes des volontaires. Vous avez la garantie de contribuer \u00e0 des initiatives significatives, ancr\u00e9es dans la r\u00e9alit\u00e9 locale et con\u00e7ues pour avoir un impact durable.<\/p>\n<p>&nbsp;<\/p>\n<ul>\n<li><strong>Gr\u00e2ce \u00e0 des d\u00e9placements sur place<\/strong><\/li>\n<\/ul>\n<p>Freepackers se rend r\u00e9guli\u00e8rement sur le terrain pour \u00e9valuer les projets. Ces visites permettent d\u2019acqu\u00e9rir une compr\u00e9hension en profondeur des missions, de la culture locale et des enjeux auxquels nos partenaires sont confront\u00e9s. Cette immersion nous donne la possibilit\u00e9 de s\u00e9lectionner des projets fiables, bien organis\u00e9s et \u00e0 fort potentiel d\u2019impact.<\/p>\n<p>&nbsp;<\/p>\n<ul>\n<li><strong>Pour vous proposer le projet id\u00e9al<\/strong><\/li>\n<\/ul>\n<p>Gr\u00e2ce \u00e0 cette connaissance approfondie des programmes, Freepackers est en mesure de proposer le projet le plus adapt\u00e9 \u00e0 chaque profil de participant qui feront une v\u00e9ritable diff\u00e9rence pour les communaut\u00e9s locales.<\/p>\n<p>&nbsp;<\/p>\n<p>&nbsp;<\/p>\n\t\t\t\t\t\t\t\t<\/div>\n\t\t\t\t<\/div>\n\t\t\t\t<\/div>\n\t\t\t\t\t<\/details>\n\t\t\t\t\t\t<details id=\"e-n-accordion-item-9933\" class=\"e-n-accordion-item\" >\n\t\t\t\t<summary class=\"e-n-accordion-item-title\" data-accordion-index=\"4\" tabindex=\"-1\" aria-expanded=\"false\" aria-controls=\"e-n-accordion-item-9933\" >\n\t\t\t\t\t<span class='e-n-accordion-item-title-header'><div class=\"e-n-accordion-item-title-text\"> En bref <\/div><\/span>\n\t\t\t\t\t\t\t<span class='e-n-accordion-item-title-icon'>\n\t\t\t<span class='e-opened' ><i aria-hidden=\"true\" class=\"fas fa-chevron-up\"><\/i><\/span>\n\t\t\t<span class='e-closed'><i aria-hidden=\"true\" class=\"fas fa-chevron-down\"><\/i><\/span>\n\t\t<\/span>\n\n\t\t\t\t\t\t<\/summary>\n\t\t\t\t<div role=\"region\" aria-labelledby=\"e-n-accordion-item-9933\" class=\"elementor-element elementor-element-25ac39e e-con-full e-flex e-con e-child\" data-id=\"25ac39e\" data-element_type=\"container\" data-e-type=\"container\" data-settings=\"{&quot;jet_parallax_layout_list&quot;:[]}\">\n\t\t\t\t<div class=\"elementor-element elementor-element-1267749 elementor-widget__width-inherit elementor-widget-mobile__width-inherit jedv-enabled--yes elementor-widget elementor-widget-text-editor\" data-id=\"1267749\" data-element_type=\"widget\" data-e-type=\"widget\" data-widget_type=\"text-editor.default\">\n\t\t\t\t<div class=\"elementor-widget-container\">\n\t\t\t\t\t\t\t\t\t<p>Notre objectif est de vous accompagner dans le choix du programme qui saura combiner au mieux l\u2019ensemble de ces crit\u00e8res.<\/p>\n<p>En bref, la s\u00e9lection des volontaires permet :<\/p>\n<ul>\n<li>Une immersion totale<\/li>\n<li>D&rsquo;envoyer les bons profils sur le bon projet<\/li>\n<li>La satisfaction des volontaires et des ONG locales<\/li>\n<li>Un impact encore plus fort sur place !<\/li>\n<\/ul>\n\t\t\t\t\t\t\t\t<\/div>\n\t\t\t\t<\/div>\n\t\t\t\t<\/div>\n\t\t\t\t\t<\/details>\n\t\t\t\t\t<\/div>\n\t\t\t\t\t\t<\/div>\n\t\t\t\t<\/div>\n\t\t\t\t<\/div>\n\t\t\t\t\t<\/div>\n\t\t\t\t<\/div>\n\t\t\t\t<\/div>\n\t\t","protected":false},"excerpt":{"rendered":"<p>Accueil Code Snippets<\/p>\n","protected":false},"author":22,"featured_media":16155,"parent":0,"menu_order":0,"comment_status":"closed","ping_status":"closed","template":"","meta":{"_jet_sm_ready_style":"","_jet_sm_style":"","_jet_sm_controls_values":"","_jet_sm_fonts_collection":"","_jet_sm_fonts_links":"","public_cible":[],"niveau_de_langue":0,"thematique":[],"sous_categorie":[],"continent":[],"pays":[],"ville":0,"_pro-age-minimum":"","footnotes":""},"no_display_niveau-de-langue":[],"no_display_sous-categorie":[],"no_display_pays":[],"no_display_villes":[],"no_display_public-cible":[],"no_display_continent":[],"type-de-page":[38],"class_list":["post-16149","page","type-page","status-publish","has-post-thumbnail","hentry","type-de-page-single-page"],"_links":{"self":[{"href":"https:\/\/freepackers.com\/fr\/wp-json\/wp\/v2\/pages\/16149","targetHints":{"allow":["GET"]}}],"collection":[{"href":"https:\/\/freepackers.com\/fr\/wp-json\/wp\/v2\/pages"}],"about":[{"href":"https:\/\/freepackers.com\/fr\/wp-json\/wp\/v2\/types\/page"}],"author":[{"embeddable":true,"href":"https:\/\/freepackers.com\/fr\/wp-json\/wp\/v2\/users\/22"}],"replies":[{"embeddable":true,"href":"https:\/\/freepackers.com\/fr\/wp-json\/wp\/v2\/comments?post=16149"}],"version-history":[{"count":4,"href":"https:\/\/freepackers.com\/fr\/wp-json\/wp\/v2\/pages\/16149\/revisions"}],"predecessor-version":[{"id":21270,"href":"https:\/\/freepackers.com\/fr\/wp-json\/wp\/v2\/pages\/16149\/revisions\/21270"}],"wp:featuredmedia":[{"embeddable":true,"href":"https:\/\/freepackers.com\/fr\/wp-json\/wp\/v2\/media\/16155"}],"wp:attachment":[{"href":"https:\/\/freepackers.com\/fr\/wp-json\/wp\/v2\/media?parent=16149"}],"wp:term":[{"taxonomy":"no_display_niveau-de-langue","embeddable":true,"href":"https:\/\/freepackers.com\/fr\/wp-json\/wp\/v2\/no_display_niveau-de-langue?post=16149"},{"taxonomy":"no_display_sous-categorie","embeddable":true,"href":"https:\/\/freepackers.com\/fr\/wp-json\/wp\/v2\/no_display_sous-categorie?post=16149"},{"taxonomy":"no_display_pays","embeddable":true,"href":"https:\/\/freepackers.com\/fr\/wp-json\/wp\/v2\/no_display_pays?post=16149"},{"taxonomy":"no_display_villes","embeddable":true,"href":"https:\/\/freepackers.com\/fr\/wp-json\/wp\/v2\/no_display_villes?post=16149"},{"taxonomy":"no_display_public-cible","embeddable":true,"href":"https:\/\/freepackers.com\/fr\/wp-json\/wp\/v2\/no_display_public-cible?post=16149"},{"taxonomy":"no_display_continent","embeddable":true,"href":"https:\/\/freepackers.com\/fr\/wp-json\/wp\/v2\/no_display_continent?post=16149"},{"taxonomy":"type-de-page","embeddable":true,"href":"https:\/\/freepackers.com\/fr\/wp-json\/wp\/v2\/type-de-page?post=16149"}],"curies":[{"name":"wp","href":"https:\/\/api.w.org\/{rel}","templated":true}]}}