{"id":1381,"date":"2022-10-31T11:05:54","date_gmt":"2022-10-31T10:05:54","guid":{"rendered":"https:\/\/freepackers.com\/?page_id=1381"},"modified":"2026-04-13T13:58:03","modified_gmt":"2026-04-13T12:58:03","slug":"faire-un-voyage-humanitaire-en-famille","status":"publish","type":"page","link":"https:\/\/freepackers.com\/fr\/faire-un-voyage-humanitaire-en-famille\/","title":{"rendered":"Voyage humanitaire en famille"},"content":{"rendered":"","protected":false},"excerpt":{"rendered":"<p>Partez pour un voyage humanitaire en famille, offrez une exp\u00e9rience \u00e9ducative aux enfants d\u00e8s 4 ans via des projets en coop\u00e9ration avec les populations locales.<\/p>\n","protected":false},"author":1,"featured_media":2659,"parent":0,"menu_order":0,"comment_status":"closed","ping_status":"closed","template":"","meta":{"_jet_sm_ready_style":"","_jet_sm_style":"","_jet_sm_controls_values":"","_jet_sm_fonts_collection":"","_jet_sm_fonts_links":"","public_cible":[135],"niveau_de_langue":406,"thematique":[39,40,41,138,137],"sous_categorie":[380,382,383,386,389,391,392,393,398],"continent":[],"pays":[],"ville":0,"_pro-age-minimum":"","footnotes":""},"no_display_niveau-de-langue":[406],"no_display_sous-categorie":[380,382,383,386,389,391,392,393,398],"no_display_pays":[],"no_display_villes":[],"no_display_public-cible":[135],"no_display_continent":[],"type-de-page":[27],"class_list":["post-1381","page","type-page","status-publish","has-post-thumbnail","hentry","no_display_niveau-de-langue-anglais-scolaire","no_display_sous-categorie-action-sociale","no_display_sous-categorie-circuits-aventure","no_display_sous-categorie-circuits-et-volontariat","no_display_sous-categorie-educatif","no_display_sous-categorie-permaculture","no_display_sous-categorie-protection-environnementale","no_display_sous-categorie-refuge-animalier","no_display_sous-categorie-reserve-naturelle","no_display_sous-categorie-vie-marine","no_display_public-cible-famille","no_display_thematique-programmes-animaux","no_display_thematique-programmes-environnements","no_display_thematique-programmes-humanitaires","no_display_thematique-road-trip","no_display_thematique-tourisme-durable","type-de-page-thematique"],"_links":{"self":[{"href":"https:\/\/freepackers.com\/fr\/wp-json\/wp\/v2\/pages\/1381","targetHints":{"allow":["GET"]}}],"collection":[{"href":"https:\/\/freepackers.com\/fr\/wp-json\/wp\/v2\/pages"}],"about":[{"href":"https:\/\/freepackers.com\/fr\/wp-json\/wp\/v2\/types\/page"}],"author":[{"embeddable":true,"href":"https:\/\/freepackers.com\/fr\/wp-json\/wp\/v2\/users\/1"}],"replies":[{"embeddable":true,"href":"https:\/\/freepackers.com\/fr\/wp-json\/wp\/v2\/comments?post=1381"}],"version-history":[{"count":2,"href":"https:\/\/freepackers.com\/fr\/wp-json\/wp\/v2\/pages\/1381\/revisions"}],"predecessor-version":[{"id":21748,"href":"https:\/\/freepackers.com\/fr\/wp-json\/wp\/v2\/pages\/1381\/revisions\/21748"}],"wp:featuredmedia":[{"embeddable":true,"href":"https:\/\/freepackers.com\/fr\/wp-json\/wp\/v2\/media\/2659"}],"wp:attachment":[{"href":"https:\/\/freepackers.com\/fr\/wp-json\/wp\/v2\/media?parent=1381"}],"wp:term":[{"taxonomy":"no_display_niveau-de-langue","embeddable":true,"href":"https:\/\/freepackers.com\/fr\/wp-json\/wp\/v2\/no_display_niveau-de-langue?post=1381"},{"taxonomy":"no_display_sous-categorie","embeddable":true,"href":"https:\/\/freepackers.com\/fr\/wp-json\/wp\/v2\/no_display_sous-categorie?post=1381"},{"taxonomy":"no_display_pays","embeddable":true,"href":"https:\/\/freepackers.com\/fr\/wp-json\/wp\/v2\/no_display_pays?post=1381"},{"taxonomy":"no_display_villes","embeddable":true,"href":"https:\/\/freepackers.com\/fr\/wp-json\/wp\/v2\/no_display_villes?post=1381"},{"taxonomy":"no_display_public-cible","embeddable":true,"href":"https:\/\/freepackers.com\/fr\/wp-json\/wp\/v2\/no_display_public-cible?post=1381"},{"taxonomy":"no_display_continent","embeddable":true,"href":"https:\/\/freepackers.com\/fr\/wp-json\/wp\/v2\/no_display_continent?post=1381"},{"taxonomy":"type-de-page","embeddable":true,"href":"https:\/\/freepackers.com\/fr\/wp-json\/wp\/v2\/type-de-page?post=1381"}],"curies":[{"name":"wp","href":"https:\/\/api.w.org\/{rel}","templated":true}]}}